{"id":4482,"date":"2025-03-11T22:18:24","date_gmt":"2025-03-11T22:18:24","guid":{"rendered":"https:\/\/suntak.com.mx\/?page_id=4482"},"modified":"2025-09-29T22:32:10","modified_gmt":"2025-09-29T22:32:10","slug":"design-and-engineering","status":"publish","type":"page","link":"https:\/\/suntak.com.mx\/en_us\/design-and-engineering","title":{"rendered":"Design and Engineering"},"content":{"rendered":"\t\t<div data-elementor-type=\"wp-page\" data-elementor-id=\"4482\" class=\"elementor elementor-4482\" data-elementor-post-type=\"page\">\n\t\t\t\t<div class=\"elementor-element elementor-element-cd4465e e-flex e-con-boxed e-con e-parent\" data-id=\"cd4465e\" data-element_type=\"container\" data-settings=\"{&quot;background_background&quot;:&quot;classic&quot;}\">\n\t\t\t\t\t<div class=\"e-con-inner\">\n\t\t<div class=\"elementor-element elementor-element-21b28e3 e-flex e-con-boxed e-con e-child\" data-id=\"21b28e3\" data-element_type=\"container\">\n\t\t\t\t\t<div class=\"e-con-inner\">\n\t\t\t\t<div class=\"elementor-element elementor-element-0b34efc elementor-invisible elementor-widget elementor-widget-heading\" data-id=\"0b34efc\" data-element_type=\"widget\" data-settings=\"{&quot;_animation&quot;:&quot;fadeInUp&quot;,&quot;_animation_delay&quot;:200}\" data-widget_type=\"heading.default\">\n\t\t\t\t<div class=\"elementor-widget-container\">\n\t\t\t\t\t<h1 class=\"elementor-heading-title elementor-size-default\">Design and Engineering<\/h1>\t\t\t\t<\/div>\n\t\t\t\t<\/div>\n\t\t\t\t<div class=\"elementor-element elementor-element-7db21ea animated-slow elementor-invisible elementor-widget elementor-widget-text-editor\" data-id=\"7db21ea\" data-element_type=\"widget\" data-settings=\"{&quot;_animation&quot;:&quot;fadeIn&quot;,&quot;_animation_delay&quot;:500}\" data-widget_type=\"text-editor.default\">\n\t\t\t\t<div class=\"elementor-widget-container\">\n\t\t\t\t\t\t\t\t\tInnovation and Efficiency for Every Project\t\t\t\t\t\t\t\t<\/div>\n\t\t\t\t<\/div>\n\t\t\t\t\t<\/div>\n\t\t\t\t<\/div>\n\t\t\t\t\t<\/div>\n\t\t\t\t<\/div>\n\t\t<div class=\"elementor-element elementor-element-6e1bd42 e-flex e-con-boxed e-con e-parent\" data-id=\"6e1bd42\" data-element_type=\"container\">\n\t\t\t\t\t<div class=\"e-con-inner\">\n\t\t<div class=\"elementor-element elementor-element-710e3b8 e-con-full e-flex e-con e-child\" data-id=\"710e3b8\" data-element_type=\"container\">\n\t\t<div class=\"elementor-element elementor-element-52010a9 e-con-full e-flex elementor-invisible e-con e-child\" data-id=\"52010a9\" data-element_type=\"container\" data-settings=\"{&quot;animation&quot;:&quot;fadeIn&quot;}\">\n\t\t\t\t<div class=\"elementor-element elementor-element-1f3be87 elementor-widget elementor-widget-heading\" data-id=\"1f3be87\" data-element_type=\"widget\" data-widget_type=\"heading.default\">\n\t\t\t\t<div class=\"elementor-widget-container\">\n\t\t\t\t\t<h2 class=\"elementor-heading-title elementor-size-default\">How does it work?<\/h2>\t\t\t\t<\/div>\n\t\t\t\t<\/div>\n\t\t\t\t<div class=\"elementor-element elementor-element-c7d2051 elementor-widget elementor-widget-text-editor\" data-id=\"c7d2051\" data-element_type=\"widget\" data-widget_type=\"text-editor.default\">\n\t\t\t\t<div class=\"elementor-widget-container\">\n\t\t\t\t\t\t\t\t\t<p data-start=\"85\" data-end=\"339\"><span style=\"color: var( --e-global-color-text );\">Our design department is composed of <\/span><b style=\"color: var( --e-global-color-text );\">highly qualified architects capable of developing efficient projects that fully meet our clients\u2019 requirements and needs<\/b><span style=\"color: var( --e-global-color-text );\">, based on the most innovative trends. Committed to the demands of international standards, we take pride in offering various engineering specialties such as structural, mechanical, electrical, hydraulic, sanitary, communications, and special systems.<\/span><\/p><p><b>At Suntak Design, from the beginning of each project, we ensure it meets the fundamental principles that guide our design style and approach:<\/b><\/p><p data-start=\"85\" data-end=\"339\"><strong>\u00a0<\/strong><\/p>\t\t\t\t\t\t\t\t<\/div>\n\t\t\t\t<\/div>\n\t\t\t\t<div class=\"elementor-element elementor-element-c41f423 elementor-widget elementor-widget-text-editor\" data-id=\"c41f423\" data-element_type=\"widget\" data-widget_type=\"text-editor.default\">\n\t\t\t\t<div class=\"elementor-widget-container\">\n\t\t\t\t\t\t\t\t\t<p><strong>FUNCTION + FORM + COST + IMAGE<\/strong><\/p><p>We start from the premise that<b> each client has unique goals and needs in every project<\/b>. That\u2019s why we dedicate ourselves to analyzing the context, requirements, environment, structure, and new technologies that will bring benefits to achieve an efficient conceptualization.<\/p>\t\t\t\t\t\t\t\t<\/div>\n\t\t\t\t<\/div>\n\t\t\t\t<\/div>\n\t\t\t\t<\/div>\n\t\t\t\t\t<\/div>\n\t\t\t\t<\/div>\n\t\t<div class=\"elementor-element elementor-element-eae3ee7 e-flex e-con-boxed elementor-invisible e-con e-parent\" data-id=\"eae3ee7\" data-element_type=\"container\" data-settings=\"{&quot;background_background&quot;:&quot;classic&quot;,&quot;animation&quot;:&quot;fadeIn&quot;}\">\n\t\t\t\t\t<div class=\"e-con-inner\">\n\t\t<div class=\"elementor-element elementor-element-a4d22cb e-con-full elementor-hidden-mobile e-flex e-con e-child\" data-id=\"a4d22cb\" data-element_type=\"container\">\n\t\t\t\t<div class=\"elementor-element elementor-element-76e8e35 elementor-widget elementor-widget-image\" data-id=\"76e8e35\" data-element_type=\"widget\" data-widget_type=\"image.default\">\n\t\t\t\t<div class=\"elementor-widget-container\">\n\t\t\t\t\t\t\t\t\t\t\t\t\t\t\t<img fetchpriority=\"high\" decoding=\"async\" width=\"1080\" height=\"408\" src=\"https:\/\/suntak.com.mx\/wp-content\/uploads\/2025\/05\/Sections.png\" class=\"attachment-full size-full wp-image-7690\" alt=\"\" srcset=\"https:\/\/suntak.com.mx\/wp-content\/uploads\/2025\/05\/Sections.png 1080w, https:\/\/suntak.com.mx\/wp-content\/uploads\/2025\/05\/Sections-300x113.png 300w, https:\/\/suntak.com.mx\/wp-content\/uploads\/2025\/05\/Sections-1024x387.png 1024w, https:\/\/suntak.com.mx\/wp-content\/uploads\/2025\/05\/Sections-768x290.png 768w, https:\/\/suntak.com.mx\/wp-content\/uploads\/2025\/05\/Sections-18x7.png 18w\" sizes=\"(max-width: 1080px) 100vw, 1080px\" \/>\t\t\t\t\t\t\t\t\t\t\t\t\t\t\t<\/div>\n\t\t\t\t<\/div>\n\t\t\t\t<\/div>\n\t\t<div class=\"elementor-element elementor-element-32a1ba0 e-con-full e-flex e-con e-child\" data-id=\"32a1ba0\" data-element_type=\"container\">\n\t\t<div class=\"elementor-element elementor-element-27190be e-con-full e-flex elementor-invisible e-con e-child\" data-id=\"27190be\" data-element_type=\"container\" data-settings=\"{&quot;animation&quot;:&quot;fadeIn&quot;}\">\n\t\t<div class=\"elementor-element elementor-element-855340e e-con-full e-flex e-con e-child\" data-id=\"855340e\" data-element_type=\"container\">\n\t\t\t\t<div class=\"elementor-element elementor-element-e5e99ba elementor-widget elementor-widget-heading\" data-id=\"e5e99ba\" data-element_type=\"widget\" data-widget_type=\"heading.default\">\n\t\t\t\t<div class=\"elementor-widget-container\">\n\t\t\t\t\t<h2 class=\"elementor-heading-title elementor-size-default\">Our Process<\/h2>\t\t\t\t<\/div>\n\t\t\t\t<\/div>\n\t\t\t\t<\/div>\n\t\t\t\t<div class=\"elementor-element elementor-element-cb65a04 elementor-widget elementor-widget-text-editor\" data-id=\"cb65a04\" data-element_type=\"widget\" data-widget_type=\"text-editor.default\">\n\t\t\t\t<div class=\"elementor-widget-container\">\n\t\t\t\t\t\t\t\t\t<p data-start=\"1313\" data-end=\"1507\"><b style=\"color: var( --e-global-color-text );\">Our design process begins with the initial interactions with the client<\/b><span style=\"color: var( --e-global-color-text );\"> to gather as much information and requirements as possible, which will serve as a solid foundation for the project\u2019s development.<\/span><\/p><p>This <b>initial information integration<\/b> provides the necessary foundation for the <b>design to evolve through each of its stages<\/b> and be highly useful during the project\u2019s execution.<\/p><p><b>The design stage is fundamental<\/b> in our methodology and work style, as it <b>allows us to anticipate potential challenges <\/b>the project and our client may face.<\/p>\t\t\t\t\t\t\t\t<\/div>\n\t\t\t\t<\/div>\n\t\t\t\t<\/div>\n\t\t<div class=\"elementor-element elementor-element-e7bdd51 e-con-full e-flex elementor-invisible e-con e-child\" data-id=\"e7bdd51\" data-element_type=\"container\" data-settings=\"{&quot;animation&quot;:&quot;fadeInRight&quot;}\">\n\t\t\t\t<div class=\"elementor-element elementor-element-0d2cd01 elementor-widget elementor-widget-image\" data-id=\"0d2cd01\" data-element_type=\"widget\" data-widget_type=\"image.default\">\n\t\t\t\t<div class=\"elementor-widget-container\">\n\t\t\t\t\t\t\t\t\t\t\t\t\t\t\t<img decoding=\"async\" width=\"1080\" height=\"1080\" src=\"https:\/\/suntak.com.mx\/wp-content\/uploads\/2025\/05\/Design-Engineering.png\" class=\"attachment-2048x2048 size-2048x2048 wp-image-7691\" alt=\"\" srcset=\"https:\/\/suntak.com.mx\/wp-content\/uploads\/2025\/05\/Design-Engineering.png 1080w, https:\/\/suntak.com.mx\/wp-content\/uploads\/2025\/05\/Design-Engineering-300x300.png 300w, https:\/\/suntak.com.mx\/wp-content\/uploads\/2025\/05\/Design-Engineering-1024x1024.png 1024w, https:\/\/suntak.com.mx\/wp-content\/uploads\/2025\/05\/Design-Engineering-150x150.png 150w, https:\/\/suntak.com.mx\/wp-content\/uploads\/2025\/05\/Design-Engineering-768x768.png 768w, https:\/\/suntak.com.mx\/wp-content\/uploads\/2025\/05\/Design-Engineering-12x12.png 12w\" sizes=\"(max-width: 1080px) 100vw, 1080px\" \/>\t\t\t\t\t\t\t\t\t\t\t\t\t\t\t<\/div>\n\t\t\t\t<\/div>\n\t\t\t\t<\/div>\n\t\t\t\t<\/div>\n\t\t\t\t\t<\/div>\n\t\t\t\t<\/div>\n\t\t<div class=\"elementor-element elementor-element-d1c1bbb e-flex e-con-boxed elementor-invisible e-con e-parent\" data-id=\"d1c1bbb\" data-element_type=\"container\" data-settings=\"{&quot;background_background&quot;:&quot;classic&quot;,&quot;animation&quot;:&quot;fadeIn&quot;}\">\n\t\t\t\t\t<div class=\"e-con-inner\">\n\t\t<div class=\"elementor-element elementor-element-c02714c e-con-full e-flex e-con e-child\" data-id=\"c02714c\" data-element_type=\"container\">\n\t\t<a class=\"elementor-element elementor-element-49d5aab e-con-full e-flex e-con e-child\" data-id=\"49d5aab\" data-element_type=\"container\" data-settings=\"{&quot;background_background&quot;:&quot;classic&quot;}\" href=\"https:\/\/suntak.com.mx\/turnkey-project\">\n\t\t\t\t<div class=\"elementor-element elementor-element-c4e94c9 elementor-widget elementor-widget-heading\" data-id=\"c4e94c9\" data-element_type=\"widget\" data-widget_type=\"heading.default\">\n\t\t\t\t<div class=\"elementor-widget-container\">\n\t\t\t\t\t<h2 class=\"elementor-heading-title elementor-size-default\">Turnkey Projects<\/h2>\t\t\t\t<\/div>\n\t\t\t\t<\/div>\n\t\t\t\t<\/a>\n\t\t<a class=\"elementor-element elementor-element-2467135 e-con-full e-flex e-con e-child\" data-id=\"2467135\" data-element_type=\"container\" data-settings=\"{&quot;background_background&quot;:&quot;classic&quot;}\" href=\"https:\/\/suntak.com.mx\/construction-as-a-general-contractor?preview_id=4573&#038;preview_nonce=23566f1ee0&#038;preview=true\">\n\t\t\t\t<div class=\"elementor-element elementor-element-2aa0699 elementor-widget elementor-widget-heading\" data-id=\"2aa0699\" data-element_type=\"widget\" data-widget_type=\"heading.default\">\n\t\t\t\t<div class=\"elementor-widget-container\">\n\t\t\t\t\t<h2 class=\"elementor-heading-title elementor-size-default\">Construction as General Contractor<\/h2>\t\t\t\t<\/div>\n\t\t\t\t<\/div>\n\t\t\t\t<\/a>\n\t\t<a class=\"elementor-element elementor-element-5d77aea e-con-full e-flex e-con e-child\" data-id=\"5d77aea\" data-element_type=\"container\" data-settings=\"{&quot;background_background&quot;:&quot;classic&quot;}\" href=\"https:\/\/suntak.com.mx\/project-management\">\n\t\t\t\t<div class=\"elementor-element elementor-element-849d6fe elementor-widget elementor-widget-heading\" data-id=\"849d6fe\" data-element_type=\"widget\" data-widget_type=\"heading.default\">\n\t\t\t\t<div class=\"elementor-widget-container\">\n\t\t\t\t\t<h2 class=\"elementor-heading-title elementor-size-default\">Project Management<\/h2>\t\t\t\t<\/div>\n\t\t\t\t<\/div>\n\t\t\t\t<\/a>\n\t\t<a class=\"elementor-element elementor-element-4d28e52 e-con-full e-flex e-con e-child\" data-id=\"4d28e52\" data-element_type=\"container\" data-settings=\"{&quot;background_background&quot;:&quot;classic&quot;}\" href=\"https:\/\/suntak.com.mx\/bidding-management\">\n\t\t\t\t<div class=\"elementor-element elementor-element-876f689 elementor-widget elementor-widget-heading\" data-id=\"876f689\" data-element_type=\"widget\" data-widget_type=\"heading.default\">\n\t\t\t\t<div class=\"elementor-widget-container\">\n\t\t\t\t\t<h2 class=\"elementor-heading-title elementor-size-default\">Bidding Management<\/h2>\t\t\t\t<\/div>\n\t\t\t\t<\/div>\n\t\t\t\t<\/a>\n\t\t\t\t<\/div>\n\t\t\t\t\t<\/div>\n\t\t\t\t<\/div>\n\t\t\t\t<\/div>\n\t\t","protected":false},"excerpt":{"rendered":"<p>Design and Engineering Innovation and Efficiency for Every Project How does it work? Our design department is composed of highly qualified architects capable of developing efficient projects that fully meet our clients\u2019 requirements and needs, based on the most innovative trends. Committed to the demands of international standards, we take pride in offering various engineering [&hellip;]<\/p>\n","protected":false},"author":1,"featured_media":0,"parent":0,"menu_order":0,"comment_status":"closed","ping_status":"closed","template":"","meta":{"footnotes":""},"class_list":["post-4482","page","type-page","status-publish","hentry"],"yoast_head":"<!-- This site is optimized with the Yoast SEO plugin v26.7 - https:\/\/yoast.com\/wordpress\/plugins\/seo\/ -->\n<title>Design and Engineering - suntak<\/title>\n<meta name=\"description\" content=\"Dise\u00f1o e Ingenier\u00eda. Desarrollamos proyectos eficientes y personalizados, alineados con las \u00faltimas tendencias y est\u00e1ndares internacionales.\" \/>\n<meta name=\"robots\" content=\"index, follow, max-snippet:-1, max-image-preview:large, max-video-preview:-1\" \/>\n<link rel=\"canonical\" href=\"https:\/\/suntak.com.mx\/en_us\/design-and-engineering\/\" \/>\n<meta property=\"og:locale\" content=\"en_US\" \/>\n<meta property=\"og:type\" content=\"article\" \/>\n<meta property=\"og:title\" content=\"Design and Engineering - suntak\" \/>\n<meta property=\"og:description\" content=\"Dise\u00f1o e Ingenier\u00eda. Desarrollamos proyectos eficientes y personalizados, alineados con las \u00faltimas tendencias y est\u00e1ndares internacionales.\" \/>\n<meta property=\"og:url\" content=\"https:\/\/suntak.com.mx\/en_us\/design-and-engineering\/\" \/>\n<meta property=\"og:site_name\" content=\"suntak\" \/>\n<meta property=\"article:publisher\" content=\"https:\/\/www.facebook.com\/suntak.project.management\" \/>\n<meta property=\"article:modified_time\" content=\"2025-09-29T22:32:10+00:00\" \/>\n<meta property=\"og:image\" content=\"https:\/\/suntak.com.mx\/wp-content\/uploads\/2025\/05\/Sections.png\" \/>\n<meta name=\"twitter:card\" content=\"summary_large_image\" \/>\n<meta name=\"twitter:site\" content=\"@suntakproject\" \/>\n<meta name=\"twitter:label1\" content=\"Est. reading time\" \/>\n\t<meta name=\"twitter:data1\" content=\"2 minutes\" \/>\n<script type=\"application\/ld+json\" class=\"yoast-schema-graph\">{\"@context\":\"https:\/\/schema.org\",\"@graph\":[{\"@type\":\"WebPage\",\"@id\":\"https:\/\/suntak.com.mx\/design-and-engineering\",\"url\":\"https:\/\/suntak.com.mx\/design-and-engineering\",\"name\":\"Design and Engineering - suntak\",\"isPartOf\":{\"@id\":\"https:\/\/suntak.com.mx\/en_us\/#website\"},\"primaryImageOfPage\":{\"@id\":\"https:\/\/suntak.com.mx\/design-and-engineering#primaryimage\"},\"image\":{\"@id\":\"https:\/\/suntak.com.mx\/design-and-engineering#primaryimage\"},\"thumbnailUrl\":\"https:\/\/suntak.com.mx\/wp-content\/uploads\/2025\/05\/Sections.png\",\"datePublished\":\"2025-03-11T22:18:24+00:00\",\"dateModified\":\"2025-09-29T22:32:10+00:00\",\"description\":\"Dise\u00f1o e Ingenier\u00eda. Desarrollamos proyectos eficientes y personalizados, alineados con las \u00faltimas tendencias y est\u00e1ndares internacionales.\",\"breadcrumb\":{\"@id\":\"https:\/\/suntak.com.mx\/design-and-engineering#breadcrumb\"},\"inLanguage\":\"en-US\",\"potentialAction\":[{\"@type\":\"ReadAction\",\"target\":[\"https:\/\/suntak.com.mx\/design-and-engineering\"]}]},{\"@type\":\"ImageObject\",\"inLanguage\":\"en-US\",\"@id\":\"https:\/\/suntak.com.mx\/design-and-engineering#primaryimage\",\"url\":\"https:\/\/suntak.com.mx\/wp-content\/uploads\/2025\/05\/Sections.png\",\"contentUrl\":\"https:\/\/suntak.com.mx\/wp-content\/uploads\/2025\/05\/Sections.png\"},{\"@type\":\"BreadcrumbList\",\"@id\":\"https:\/\/suntak.com.mx\/design-and-engineering#breadcrumb\",\"itemListElement\":[{\"@type\":\"ListItem\",\"position\":1,\"name\":\"Inicio\",\"item\":\"https:\/\/suntak.com.mx\/\"},{\"@type\":\"ListItem\",\"position\":2,\"name\":\"Design and Engineering\"}]},{\"@type\":\"WebSite\",\"@id\":\"https:\/\/suntak.com.mx\/en_us\/#website\",\"url\":\"https:\/\/suntak.com.mx\/en_us\/\",\"name\":\"Suntak\",\"description\":\"\",\"publisher\":{\"@id\":\"https:\/\/suntak.com.mx\/en_us\/#organization\"},\"potentialAction\":[{\"@type\":\"SearchAction\",\"target\":{\"@type\":\"EntryPoint\",\"urlTemplate\":\"https:\/\/suntak.com.mx\/en_us\/?s={search_term_string}\"},\"query-input\":{\"@type\":\"PropertyValueSpecification\",\"valueRequired\":true,\"valueName\":\"search_term_string\"}}],\"inLanguage\":\"en-US\"},{\"@type\":\"Organization\",\"@id\":\"https:\/\/suntak.com.mx\/en_us\/#organization\",\"name\":\"Suntak\",\"url\":\"https:\/\/suntak.com.mx\/en_us\/\",\"logo\":{\"@type\":\"ImageObject\",\"inLanguage\":\"en-US\",\"@id\":\"https:\/\/suntak.com.mx\/en_us\/#\/schema\/logo\/image\/\",\"url\":\"https:\/\/suntak.com.mx\/wp-content\/uploads\/2025\/02\/Suntak-FavIcon-1.png\",\"contentUrl\":\"https:\/\/suntak.com.mx\/wp-content\/uploads\/2025\/02\/Suntak-FavIcon-1.png\",\"width\":512,\"height\":512,\"caption\":\"Suntak\"},\"image\":{\"@id\":\"https:\/\/suntak.com.mx\/en_us\/#\/schema\/logo\/image\/\"},\"sameAs\":[\"https:\/\/www.facebook.com\/suntak.project.management\",\"https:\/\/x.com\/suntakproject\",\"https:\/\/www.linkedin.com\/company\/suntakproject\",\"https:\/\/www.instagram.com\/suntakproject\/\"]}]}<\/script>\n<!-- \/ Yoast SEO plugin. -->","yoast_head_json":{"title":"Design and Engineering - suntak","description":"Dise\u00f1o e Ingenier\u00eda. Desarrollamos proyectos eficientes y personalizados, alineados con las \u00faltimas tendencias y est\u00e1ndares internacionales.","robots":{"index":"index","follow":"follow","max-snippet":"max-snippet:-1","max-image-preview":"max-image-preview:large","max-video-preview":"max-video-preview:-1"},"canonical":"https:\/\/suntak.com.mx\/en_us\/design-and-engineering\/","og_locale":"en_US","og_type":"article","og_title":"Design and Engineering - suntak","og_description":"Dise\u00f1o e Ingenier\u00eda. Desarrollamos proyectos eficientes y personalizados, alineados con las \u00faltimas tendencias y est\u00e1ndares internacionales.","og_url":"https:\/\/suntak.com.mx\/en_us\/design-and-engineering\/","og_site_name":"suntak","article_publisher":"https:\/\/www.facebook.com\/suntak.project.management","article_modified_time":"2025-09-29T22:32:10+00:00","og_image":[{"url":"https:\/\/suntak.com.mx\/wp-content\/uploads\/2025\/05\/Sections.png","type":"","width":"","height":""}],"twitter_card":"summary_large_image","twitter_site":"@suntakproject","twitter_misc":{"Est. reading time":"2 minutes"},"schema":{"@context":"https:\/\/schema.org","@graph":[{"@type":"WebPage","@id":"https:\/\/suntak.com.mx\/design-and-engineering","url":"https:\/\/suntak.com.mx\/design-and-engineering","name":"Design and Engineering - suntak","isPartOf":{"@id":"https:\/\/suntak.com.mx\/en_us\/#website"},"primaryImageOfPage":{"@id":"https:\/\/suntak.com.mx\/design-and-engineering#primaryimage"},"image":{"@id":"https:\/\/suntak.com.mx\/design-and-engineering#primaryimage"},"thumbnailUrl":"https:\/\/suntak.com.mx\/wp-content\/uploads\/2025\/05\/Sections.png","datePublished":"2025-03-11T22:18:24+00:00","dateModified":"2025-09-29T22:32:10+00:00","description":"Dise\u00f1o e Ingenier\u00eda. Desarrollamos proyectos eficientes y personalizados, alineados con las \u00faltimas tendencias y est\u00e1ndares internacionales.","breadcrumb":{"@id":"https:\/\/suntak.com.mx\/design-and-engineering#breadcrumb"},"inLanguage":"en-US","potentialAction":[{"@type":"ReadAction","target":["https:\/\/suntak.com.mx\/design-and-engineering"]}]},{"@type":"ImageObject","inLanguage":"en-US","@id":"https:\/\/suntak.com.mx\/design-and-engineering#primaryimage","url":"https:\/\/suntak.com.mx\/wp-content\/uploads\/2025\/05\/Sections.png","contentUrl":"https:\/\/suntak.com.mx\/wp-content\/uploads\/2025\/05\/Sections.png"},{"@type":"BreadcrumbList","@id":"https:\/\/suntak.com.mx\/design-and-engineering#breadcrumb","itemListElement":[{"@type":"ListItem","position":1,"name":"Inicio","item":"https:\/\/suntak.com.mx\/"},{"@type":"ListItem","position":2,"name":"Design and Engineering"}]},{"@type":"WebSite","@id":"https:\/\/suntak.com.mx\/en_us\/#website","url":"https:\/\/suntak.com.mx\/en_us\/","name":"Suntak","description":"","publisher":{"@id":"https:\/\/suntak.com.mx\/en_us\/#organization"},"potentialAction":[{"@type":"SearchAction","target":{"@type":"EntryPoint","urlTemplate":"https:\/\/suntak.com.mx\/en_us\/?s={search_term_string}"},"query-input":{"@type":"PropertyValueSpecification","valueRequired":true,"valueName":"search_term_string"}}],"inLanguage":"en-US"},{"@type":"Organization","@id":"https:\/\/suntak.com.mx\/en_us\/#organization","name":"Suntak","url":"https:\/\/suntak.com.mx\/en_us\/","logo":{"@type":"ImageObject","inLanguage":"en-US","@id":"https:\/\/suntak.com.mx\/en_us\/#\/schema\/logo\/image\/","url":"https:\/\/suntak.com.mx\/wp-content\/uploads\/2025\/02\/Suntak-FavIcon-1.png","contentUrl":"https:\/\/suntak.com.mx\/wp-content\/uploads\/2025\/02\/Suntak-FavIcon-1.png","width":512,"height":512,"caption":"Suntak"},"image":{"@id":"https:\/\/suntak.com.mx\/en_us\/#\/schema\/logo\/image\/"},"sameAs":["https:\/\/www.facebook.com\/suntak.project.management","https:\/\/x.com\/suntakproject","https:\/\/www.linkedin.com\/company\/suntakproject","https:\/\/www.instagram.com\/suntakproject\/"]}]}},"_links":{"self":[{"href":"https:\/\/suntak.com.mx\/en_us\/wp-json\/wp\/v2\/pages\/4482","targetHints":{"allow":["GET"]}}],"collection":[{"href":"https:\/\/suntak.com.mx\/en_us\/wp-json\/wp\/v2\/pages"}],"about":[{"href":"https:\/\/suntak.com.mx\/en_us\/wp-json\/wp\/v2\/types\/page"}],"author":[{"embeddable":true,"href":"https:\/\/suntak.com.mx\/en_us\/wp-json\/wp\/v2\/users\/1"}],"replies":[{"embeddable":true,"href":"https:\/\/suntak.com.mx\/en_us\/wp-json\/wp\/v2\/comments?post=4482"}],"version-history":[{"count":252,"href":"https:\/\/suntak.com.mx\/en_us\/wp-json\/wp\/v2\/pages\/4482\/revisions"}],"predecessor-version":[{"id":9201,"href":"https:\/\/suntak.com.mx\/en_us\/wp-json\/wp\/v2\/pages\/4482\/revisions\/9201"}],"wp:attachment":[{"href":"https:\/\/suntak.com.mx\/en_us\/wp-json\/wp\/v2\/media?parent=4482"}],"curies":[{"name":"wp","href":"https:\/\/api.w.org\/{rel}","templated":true}]}}