{"id":2902,"date":"2025-01-30T20:16:23","date_gmt":"2025-01-30T20:16:23","guid":{"rendered":"https:\/\/suntak.com.mx\/?page_id=2902"},"modified":"2025-09-29T22:31:17","modified_gmt":"2025-09-29T22:31:17","slug":"turnkey-project","status":"publish","type":"page","link":"https:\/\/suntak.com.mx\/es\/turnkey-project","title":{"rendered":"Proyecto llave en mano"},"content":{"rendered":"<div data-elementor-type=\"wp-page\" data-elementor-id=\"2902\" class=\"elementor elementor-2902\" data-elementor-post-type=\"page\">\n\t\t\t\t<div class=\"elementor-element elementor-element-d312f1a e-flex e-con-boxed e-con e-parent\" data-id=\"d312f1a\" data-element_type=\"container\" data-settings=\"{&quot;background_background&quot;:&quot;classic&quot;}\">\n\t\t\t\t\t<div class=\"e-con-inner\">\n\t\t<div class=\"elementor-element elementor-element-59de565 e-flex e-con-boxed e-con e-child\" data-id=\"59de565\" data-element_type=\"container\">\n\t\t\t\t\t<div class=\"e-con-inner\">\n\t\t\t\t<div class=\"elementor-element elementor-element-3085b17 elementor-invisible elementor-widget elementor-widget-heading\" data-id=\"3085b17\" data-element_type=\"widget\" data-settings=\"{&quot;_animation&quot;:&quot;fadeInUp&quot;,&quot;_animation_delay&quot;:200}\" data-widget_type=\"heading.default\">\n\t\t\t\t<div class=\"elementor-widget-container\">\n\t\t\t\t\t<h1 class=\"elementor-heading-title elementor-size-default\">Proyectos llave en mano<\/h1>\t\t\t\t<\/div>\n\t\t\t\t<\/div>\n\t\t\t\t<div class=\"elementor-element elementor-element-98782fe animated-slow elementor-invisible elementor-widget elementor-widget-text-editor\" data-id=\"98782fe\" data-element_type=\"widget\" data-settings=\"{&quot;_animation&quot;:&quot;fadeIn&quot;,&quot;_animation_delay&quot;:500}\" data-widget_type=\"text-editor.default\">\n\t\t\t\t<div class=\"elementor-widget-container\">\n\t\t\t\t\t\t\t\t\t<div id=\"u105320\" class=\"clearfix shared_content scroll_effect\" data-content-guid=\"u105320_content\">\n<div id=\"u105321-4\" class=\"clearfix grpelem\" data-muse-uid=\"U105321\" data-muse-type=\"txt_frame\" data-ibe-flags=\"txtStyleSrc\">\n\nSu proyecto listo para operar desde el primer d\u00eda\n<\/div>\n<\/div>\t\t\t\t\t\t\t\t<\/div>\n\t\t\t\t<\/div>\n\t\t\t\t\t<\/div>\n\t\t\t\t<\/div>\n\t\t\t\t\t<\/div>\n\t\t\t\t<\/div>\n\t\t<div class=\"elementor-element elementor-element-586aa5b1 e-flex e-con-boxed e-con e-parent\" data-id=\"586aa5b1\" data-element_type=\"container\">\n\t\t\t\t\t<div class=\"e-con-inner\">\n\t\t<div class=\"elementor-element elementor-element-2ff1334 e-con-full e-flex e-con e-child\" data-id=\"2ff1334\" data-element_type=\"container\">\n\t\t<div class=\"elementor-element elementor-element-73f42bf2 e-con-full e-flex elementor-invisible e-con e-child\" data-id=\"73f42bf2\" data-element_type=\"container\" data-settings=\"{&quot;animation&quot;:&quot;fadeIn&quot;}\">\n\t\t\t\t<div class=\"elementor-element elementor-element-ea3fcb5 elementor-widget elementor-widget-heading\" data-id=\"ea3fcb5\" data-element_type=\"widget\" data-widget_type=\"heading.default\">\n\t\t\t\t<div class=\"elementor-widget-container\">\n\t\t\t\t\t<h2 class=\"elementor-heading-title elementor-size-default\">\u00bfQu\u00e9 es?<\/h2>\t\t\t\t<\/div>\n\t\t\t\t<\/div>\n\t\t\t\t<div class=\"elementor-element elementor-element-6774d011 elementor-widget elementor-widget-text-editor\" data-id=\"6774d011\" data-element_type=\"widget\" data-widget_type=\"text-editor.default\">\n\t\t\t\t<div class=\"elementor-widget-container\">\n\t\t\t\t\t\t\t\t\t<p>Un proyecto \u201cllave en mano\u201d <b>es un m\u00e9todo de ejecuci\u00f3n en el que un contratista o empresa asume la responsabilidad total de la gesti\u00f3n del ciclo de vida completo del proyecto, <\/b>desde la fase conceptual y de dise\u00f1o hasta la construcci\u00f3n y entrega final. <b>El t\u00e9rmino \u201cllave en mano\u201d<\/b> hace referencia a que el cliente puede simplemente <b>\u201cgirar la llave\u201d y acceder a una instalaci\u00f3n completamente operativa al finalizar el proyecto<\/b>, con una participaci\u00f3n m\u00ednima durante la fase de ejecuci\u00f3n. Este modelo garantiza que <b>todos los componentes del proyecto cumplan con las especificaciones y requisitos del cliente,<\/b>proporcionando una experiencia fluida y sin complicaciones.<\/p>\t\t\t\t\t\t\t\t<\/div>\n\t\t\t\t<\/div>\n\t\t\t\t<div class=\"elementor-element elementor-element-4cce468e elementor-widget elementor-widget-text-editor\" data-id=\"4cce468e\" data-element_type=\"widget\" data-widget_type=\"text-editor.default\">\n\t\t\t\t<div class=\"elementor-widget-container\">\n\t\t\t\t\t\t\t\t\t<p>En un <strong>Proyecto llave en mano<\/strong>, el contratista es un socio estrat\u00e9gico que<strong> gestiona cada detalle con precisi\u00f3n<\/strong>. Su experiencia optimiza la ejecuci\u00f3n, minimiza riesgos y garantiza un <strong>resultado de alta calidad<\/strong>, brindando al cliente fiabilidad y excelencia.<\/p>\t\t\t\t\t\t\t\t<\/div>\n\t\t\t\t<\/div>\n\t\t\t\t<\/div>\n\t\t\t\t<\/div>\n\t\t\t\t\t<\/div>\n\t\t\t\t<\/div>\n\t\t<div class=\"elementor-element elementor-element-49bf3283 e-flex e-con-boxed e-con e-parent\" data-id=\"49bf3283\" data-element_type=\"container\" data-settings=\"{&quot;background_background&quot;:&quot;classic&quot;}\">\n\t\t\t\t\t<div class=\"e-con-inner\">\n\t\t\t\t<div class=\"elementor-element elementor-element-fdda71c elementor-invisible elementor-widget elementor-widget-image\" data-id=\"fdda71c\" data-element_type=\"widget\" data-settings=\"{&quot;_animation&quot;:&quot;fadeInLeft&quot;}\" data-widget_type=\"image.default\">\n\t\t\t\t<div class=\"elementor-widget-container\">\n\t\t\t\t\t\t\t\t\t\t\t\t\t\t\t<img fetchpriority=\"high\" decoding=\"async\" width=\"1080\" height=\"1080\" src=\"https:\/\/suntak.com.mx\/wp-content\/uploads\/2025\/03\/SUNTAK-Proyecto-llave-en-mano.png\" class=\"attachment-2048x2048 size-2048x2048 wp-image-7686\" alt=\"\" srcset=\"https:\/\/suntak.com.mx\/wp-content\/uploads\/2025\/03\/SUNTAK-Proyecto-llave-en-mano.png 1080w, https:\/\/suntak.com.mx\/wp-content\/uploads\/2025\/03\/SUNTAK-Proyecto-llave-en-mano-300x300.png 300w, https:\/\/suntak.com.mx\/wp-content\/uploads\/2025\/03\/SUNTAK-Proyecto-llave-en-mano-1024x1024.png 1024w, https:\/\/suntak.com.mx\/wp-content\/uploads\/2025\/03\/SUNTAK-Proyecto-llave-en-mano-150x150.png 150w, https:\/\/suntak.com.mx\/wp-content\/uploads\/2025\/03\/SUNTAK-Proyecto-llave-en-mano-768x768.png 768w\" sizes=\"(max-width: 1080px) 100vw, 1080px\" \/>\t\t\t\t\t\t\t\t\t\t\t\t\t\t\t<\/div>\n\t\t\t\t<\/div>\n\t\t<div class=\"elementor-element elementor-element-68bff1ce e-con-full e-flex elementor-invisible e-con e-child\" data-id=\"68bff1ce\" data-element_type=\"container\" data-settings=\"{&quot;animation&quot;:&quot;fadeIn&quot;}\">\n\t\t\t\t<div class=\"elementor-element elementor-element-d1876dd elementor-widget elementor-widget-heading\" data-id=\"d1876dd\" data-element_type=\"widget\" data-widget_type=\"heading.default\">\n\t\t\t\t<div class=\"elementor-widget-container\">\n\t\t\t\t\t<h2 class=\"elementor-heading-title elementor-size-default\">Industrial \n<br>Proyectos llave en mano<\/br><\/h2>\t\t\t\t<\/div>\n\t\t\t\t<\/div>\n\t\t\t\t<div class=\"elementor-element elementor-element-2dfd89e8 elementor-widget elementor-widget-text-editor\" data-id=\"2dfd89e8\" data-element_type=\"widget\" data-widget_type=\"text-editor.default\">\n\t\t\t\t<div class=\"elementor-widget-container\">\n\t\t\t\t\t\t\t\t\t<p>Los proyectos industriales \u201cllave en mano\u201d son soluciones integrales para la implementaci\u00f3n de <strong>plantas de manufactura, almacenes y otras instalaciones industriales.<\/strong> Estos proyectos requieren un alto grado de especializaci\u00f3n en ingenier\u00eda industrial, normativas de seguridad y cumplimiento regulatorio.<\/p><p><strong>Los contratistas se encargan de todo el proceso, incluyendo la selecci\u00f3n del sitio, el dise\u00f1o de la planta, la instalaci\u00f3n de maquinaria y la puesta en marcha<\/strong>, garantizando que la instalaci\u00f3n est\u00e9 completamente operativa desde el primer d\u00eda.<\/p>\t\t\t\t\t\t\t\t<\/div>\n\t\t\t\t<\/div>\n\t\t\t\t<\/div>\n\t\t\t\t\t<\/div>\n\t\t\t\t<\/div>\n\t\t<div class=\"elementor-element elementor-element-50abb2a8 e-flex e-con-boxed elementor-invisible e-con e-parent\" data-id=\"50abb2a8\" data-element_type=\"container\" data-settings=\"{&quot;background_background&quot;:&quot;classic&quot;,&quot;animation&quot;:&quot;fadeIn&quot;}\">\n\t\t\t\t\t<div class=\"e-con-inner\">\n\t\t<div class=\"elementor-element elementor-element-13e02150 e-flex e-con-boxed e-con e-child\" data-id=\"13e02150\" data-element_type=\"container\">\n\t\t\t\t\t<div class=\"e-con-inner\">\n\t\t<a class=\"elementor-element elementor-element-1e623add e-flex e-con-boxed e-con e-child\" data-id=\"1e623add\" data-element_type=\"container\" data-settings=\"{&quot;background_background&quot;:&quot;classic&quot;}\" href=\"https:\/\/suntak.com.mx\/design-and-engineering\">\n\t\t\t\t\t<div class=\"e-con-inner\">\n\t\t\t\t<div class=\"elementor-element elementor-element-79260ce elementor-widget elementor-widget-heading\" data-id=\"79260ce\" data-element_type=\"widget\" data-widget_type=\"heading.default\">\n\t\t\t\t<div class=\"elementor-widget-container\">\n\t\t\t\t\t<h2 class=\"elementor-heading-title elementor-size-default\">Dise\u00f1o e Ingenier\u00eda<\/h2>\t\t\t\t<\/div>\n\t\t\t\t<\/div>\n\t\t\t\t\t<\/div>\n\t\t\t\t<\/a>\n\t\t<a class=\"elementor-element elementor-element-7c06c73 e-con-full e-flex e-con e-child\" data-id=\"7c06c73\" data-element_type=\"container\" data-settings=\"{&quot;background_background&quot;:&quot;classic&quot;}\" href=\"https:\/\/suntak.com.mx\/construction-as-a-general-contractor?preview_id=4573&#038;preview_nonce=23566f1ee0&#038;preview=true\">\n\t\t\t\t<div class=\"elementor-element elementor-element-075211f elementor-widget elementor-widget-heading\" data-id=\"075211f\" data-element_type=\"widget\" data-widget_type=\"heading.default\">\n\t\t\t\t<div class=\"elementor-widget-container\">\n\t\t\t\t\t<h2 class=\"elementor-heading-title elementor-size-default\">Construcci\u00f3n como contratista general<\/h2>\t\t\t\t<\/div>\n\t\t\t\t<\/div>\n\t\t\t\t<\/a>\n\t\t<a class=\"elementor-element elementor-element-d599f49 e-con-full e-flex e-con e-child\" data-id=\"d599f49\" data-element_type=\"container\" data-settings=\"{&quot;background_background&quot;:&quot;classic&quot;}\" href=\"https:\/\/suntak.com.mx\/project-management\">\n\t\t\t\t<div class=\"elementor-element elementor-element-9ef9e1a elementor-widget elementor-widget-heading\" data-id=\"9ef9e1a\" data-element_type=\"widget\" data-widget_type=\"heading.default\">\n\t\t\t\t<div class=\"elementor-widget-container\">\n\t\t\t\t\t<h2 class=\"elementor-heading-title elementor-size-default\">Gesti\u00f3n de proyectos<\/h2>\t\t\t\t<\/div>\n\t\t\t\t<\/div>\n\t\t\t\t<\/a>\n\t\t<a class=\"elementor-element elementor-element-50502d8 e-con-full e-flex e-con e-child\" data-id=\"50502d8\" data-element_type=\"container\" data-settings=\"{&quot;background_background&quot;:&quot;classic&quot;}\" href=\"https:\/\/suntak.com.mx\/bidding-management\">\n\t\t\t\t<div class=\"elementor-element elementor-element-e7a3337 elementor-widget elementor-widget-heading\" data-id=\"e7a3337\" data-element_type=\"widget\" data-widget_type=\"heading.default\">\n\t\t\t\t<div class=\"elementor-widget-container\">\n\t\t\t\t\t<h2 class=\"elementor-heading-title elementor-size-default\">Administraci\u00f3n de licitaciones<\/h2>\t\t\t\t<\/div>\n\t\t\t\t<\/div>\n\t\t\t\t<\/a>\n\t\t\t\t\t<\/div>\n\t\t\t\t<\/div>\n\t\t\t\t\t<\/div>\n\t\t\t\t<\/div>\n\t\t\t\t<\/div>","protected":false},"excerpt":{"rendered":"<p>Turnkey Projects Your project ready to operate from day one What is it? A \u201cturnkey\u201d project is an execution method in which a contractor or company assumes full responsibility for managing the complete project lifecycle, from the conceptual and design phases to construction and final delivery. The term \u201cturnkey\u201d refers to the idea that the [&hellip;]<\/p>","protected":false},"author":1,"featured_media":0,"parent":0,"menu_order":0,"comment_status":"closed","ping_status":"closed","template":"","meta":{"footnotes":""},"class_list":["post-2902","page","type-page","status-publish","hentry"],"yoast_head":"<!-- This site is optimized with the Yoast SEO plugin v26.7 - https:\/\/yoast.com\/wordpress\/plugins\/seo\/ -->\n<title>turnkey project - suntak<\/title>\n<meta name=\"description\" content=\"Suntak Proyectos de construcci\u00f3n llave en mano. Soluciones completas. Desde el Dise\u00f1o hasta la Entrega Final.\" \/>\n<meta name=\"robots\" content=\"index, follow, max-snippet:-1, max-image-preview:large, max-video-preview:-1\" \/>\n<link rel=\"canonical\" href=\"https:\/\/suntak.com.mx\/es\/turnkey-project\" \/>\n<meta property=\"og:locale\" content=\"es_MX\" \/>\n<meta property=\"og:type\" content=\"article\" \/>\n<meta property=\"og:title\" content=\"turnkey project - suntak\" \/>\n<meta property=\"og:description\" content=\"Suntak Proyectos de construcci\u00f3n llave en mano. Soluciones completas. Desde el Dise\u00f1o hasta la Entrega Final.\" \/>\n<meta property=\"og:url\" content=\"https:\/\/suntak.com.mx\/es\/turnkey-project\" \/>\n<meta property=\"og:site_name\" content=\"suntak\" \/>\n<meta property=\"article:publisher\" content=\"https:\/\/www.facebook.com\/suntak.project.management\" \/>\n<meta property=\"article:modified_time\" content=\"2025-09-29T22:31:17+00:00\" \/>\n<meta property=\"og:image\" content=\"https:\/\/suntak.com.mx\/wp-content\/uploads\/2025\/05\/Turnkey-Project.png\" \/>\n<meta name=\"twitter:card\" content=\"summary_large_image\" \/>\n<meta name=\"twitter:site\" content=\"@suntakproject\" \/>\n<meta name=\"twitter:label1\" content=\"Tiempo de lectura\" \/>\n\t<meta name=\"twitter:data1\" content=\"2 minutos\" \/>\n<script type=\"application\/ld+json\" class=\"yoast-schema-graph\">{\"@context\":\"https:\/\/schema.org\",\"@graph\":[{\"@type\":\"WebPage\",\"@id\":\"https:\/\/suntak.com.mx\/turnkey-project\",\"url\":\"https:\/\/suntak.com.mx\/turnkey-project\",\"name\":\"turnkey project - suntak\",\"isPartOf\":{\"@id\":\"https:\/\/suntak.com.mx\/en_us\/#website\"},\"primaryImageOfPage\":{\"@id\":\"https:\/\/suntak.com.mx\/turnkey-project#primaryimage\"},\"image\":{\"@id\":\"https:\/\/suntak.com.mx\/turnkey-project#primaryimage\"},\"thumbnailUrl\":\"https:\/\/suntak.com.mx\/wp-content\/uploads\/2025\/05\/Turnkey-Project.png\",\"datePublished\":\"2025-01-30T20:16:23+00:00\",\"dateModified\":\"2025-09-29T22:31:17+00:00\",\"description\":\"Suntak Proyectos de construcci\u00f3n llave en mano. Soluciones completas. Desde el Dise\u00f1o hasta la Entrega Final.\",\"breadcrumb\":{\"@id\":\"https:\/\/suntak.com.mx\/turnkey-project#breadcrumb\"},\"inLanguage\":\"es\",\"potentialAction\":[{\"@type\":\"ReadAction\",\"target\":[\"https:\/\/suntak.com.mx\/turnkey-project\"]}]},{\"@type\":\"ImageObject\",\"inLanguage\":\"es\",\"@id\":\"https:\/\/suntak.com.mx\/turnkey-project#primaryimage\",\"url\":\"https:\/\/suntak.com.mx\/wp-content\/uploads\/2025\/05\/Turnkey-Project.png\",\"contentUrl\":\"https:\/\/suntak.com.mx\/wp-content\/uploads\/2025\/05\/Turnkey-Project.png\"},{\"@type\":\"BreadcrumbList\",\"@id\":\"https:\/\/suntak.com.mx\/turnkey-project#breadcrumb\",\"itemListElement\":[{\"@type\":\"ListItem\",\"position\":1,\"name\":\"Inicio\",\"item\":\"https:\/\/suntak.com.mx\/\"},{\"@type\":\"ListItem\",\"position\":2,\"name\":\"turnkey project\"}]},{\"@type\":\"WebSite\",\"@id\":\"https:\/\/suntak.com.mx\/en_us\/#website\",\"url\":\"https:\/\/suntak.com.mx\/en_us\/\",\"name\":\"Suntak\",\"description\":\"\",\"publisher\":{\"@id\":\"https:\/\/suntak.com.mx\/en_us\/#organization\"},\"potentialAction\":[{\"@type\":\"SearchAction\",\"target\":{\"@type\":\"EntryPoint\",\"urlTemplate\":\"https:\/\/suntak.com.mx\/en_us\/?s={search_term_string}\"},\"query-input\":{\"@type\":\"PropertyValueSpecification\",\"valueRequired\":true,\"valueName\":\"search_term_string\"}}],\"inLanguage\":\"es\"},{\"@type\":\"Organization\",\"@id\":\"https:\/\/suntak.com.mx\/en_us\/#organization\",\"name\":\"Suntak\",\"url\":\"https:\/\/suntak.com.mx\/en_us\/\",\"logo\":{\"@type\":\"ImageObject\",\"inLanguage\":\"es\",\"@id\":\"https:\/\/suntak.com.mx\/en_us\/#\/schema\/logo\/image\/\",\"url\":\"https:\/\/suntak.com.mx\/wp-content\/uploads\/2025\/02\/Suntak-FavIcon-1.png\",\"contentUrl\":\"https:\/\/suntak.com.mx\/wp-content\/uploads\/2025\/02\/Suntak-FavIcon-1.png\",\"width\":512,\"height\":512,\"caption\":\"Suntak\"},\"image\":{\"@id\":\"https:\/\/suntak.com.mx\/en_us\/#\/schema\/logo\/image\/\"},\"sameAs\":[\"https:\/\/www.facebook.com\/suntak.project.management\",\"https:\/\/x.com\/suntakproject\",\"https:\/\/www.linkedin.com\/company\/suntakproject\",\"https:\/\/www.instagram.com\/suntakproject\/\"]}]}<\/script>\n<!-- \/ Yoast SEO plugin. -->","yoast_head_json":{"title":"turnkey project - suntak","description":"Suntak Proyectos de construcci\u00f3n llave en mano. Soluciones completas. Desde el Dise\u00f1o hasta la Entrega Final.","robots":{"index":"index","follow":"follow","max-snippet":"max-snippet:-1","max-image-preview":"max-image-preview:large","max-video-preview":"max-video-preview:-1"},"canonical":"https:\/\/suntak.com.mx\/es\/turnkey-project","og_locale":"es_MX","og_type":"article","og_title":"turnkey project - suntak","og_description":"Suntak Proyectos de construcci\u00f3n llave en mano. Soluciones completas. Desde el Dise\u00f1o hasta la Entrega Final.","og_url":"https:\/\/suntak.com.mx\/es\/turnkey-project","og_site_name":"suntak","article_publisher":"https:\/\/www.facebook.com\/suntak.project.management","article_modified_time":"2025-09-29T22:31:17+00:00","og_image":[{"url":"https:\/\/suntak.com.mx\/wp-content\/uploads\/2025\/05\/Turnkey-Project.png","type":"","width":"","height":""}],"twitter_card":"summary_large_image","twitter_site":"@suntakproject","twitter_misc":{"Tiempo de lectura":"2 minutos"},"schema":{"@context":"https:\/\/schema.org","@graph":[{"@type":"WebPage","@id":"https:\/\/suntak.com.mx\/turnkey-project","url":"https:\/\/suntak.com.mx\/turnkey-project","name":"turnkey project - suntak","isPartOf":{"@id":"https:\/\/suntak.com.mx\/en_us\/#website"},"primaryImageOfPage":{"@id":"https:\/\/suntak.com.mx\/turnkey-project#primaryimage"},"image":{"@id":"https:\/\/suntak.com.mx\/turnkey-project#primaryimage"},"thumbnailUrl":"https:\/\/suntak.com.mx\/wp-content\/uploads\/2025\/05\/Turnkey-Project.png","datePublished":"2025-01-30T20:16:23+00:00","dateModified":"2025-09-29T22:31:17+00:00","description":"Suntak Proyectos de construcci\u00f3n llave en mano. Soluciones completas. Desde el Dise\u00f1o hasta la Entrega Final.","breadcrumb":{"@id":"https:\/\/suntak.com.mx\/turnkey-project#breadcrumb"},"inLanguage":"es","potentialAction":[{"@type":"ReadAction","target":["https:\/\/suntak.com.mx\/turnkey-project"]}]},{"@type":"ImageObject","inLanguage":"es","@id":"https:\/\/suntak.com.mx\/turnkey-project#primaryimage","url":"https:\/\/suntak.com.mx\/wp-content\/uploads\/2025\/05\/Turnkey-Project.png","contentUrl":"https:\/\/suntak.com.mx\/wp-content\/uploads\/2025\/05\/Turnkey-Project.png"},{"@type":"BreadcrumbList","@id":"https:\/\/suntak.com.mx\/turnkey-project#breadcrumb","itemListElement":[{"@type":"ListItem","position":1,"name":"Inicio","item":"https:\/\/suntak.com.mx\/"},{"@type":"ListItem","position":2,"name":"turnkey project"}]},{"@type":"WebSite","@id":"https:\/\/suntak.com.mx\/en_us\/#website","url":"https:\/\/suntak.com.mx\/en_us\/","name":"Suntak","description":"","publisher":{"@id":"https:\/\/suntak.com.mx\/en_us\/#organization"},"potentialAction":[{"@type":"SearchAction","target":{"@type":"EntryPoint","urlTemplate":"https:\/\/suntak.com.mx\/en_us\/?s={search_term_string}"},"query-input":{"@type":"PropertyValueSpecification","valueRequired":true,"valueName":"search_term_string"}}],"inLanguage":"es"},{"@type":"Organization","@id":"https:\/\/suntak.com.mx\/en_us\/#organization","name":"Suntak","url":"https:\/\/suntak.com.mx\/en_us\/","logo":{"@type":"ImageObject","inLanguage":"es","@id":"https:\/\/suntak.com.mx\/en_us\/#\/schema\/logo\/image\/","url":"https:\/\/suntak.com.mx\/wp-content\/uploads\/2025\/02\/Suntak-FavIcon-1.png","contentUrl":"https:\/\/suntak.com.mx\/wp-content\/uploads\/2025\/02\/Suntak-FavIcon-1.png","width":512,"height":512,"caption":"Suntak"},"image":{"@id":"https:\/\/suntak.com.mx\/en_us\/#\/schema\/logo\/image\/"},"sameAs":["https:\/\/www.facebook.com\/suntak.project.management","https:\/\/x.com\/suntakproject","https:\/\/www.linkedin.com\/company\/suntakproject","https:\/\/www.instagram.com\/suntakproject\/"]}]}},"_links":{"self":[{"href":"https:\/\/suntak.com.mx\/es\/wp-json\/wp\/v2\/pages\/2902","targetHints":{"allow":["GET"]}}],"collection":[{"href":"https:\/\/suntak.com.mx\/es\/wp-json\/wp\/v2\/pages"}],"about":[{"href":"https:\/\/suntak.com.mx\/es\/wp-json\/wp\/v2\/types\/page"}],"author":[{"embeddable":true,"href":"https:\/\/suntak.com.mx\/es\/wp-json\/wp\/v2\/users\/1"}],"replies":[{"embeddable":true,"href":"https:\/\/suntak.com.mx\/es\/wp-json\/wp\/v2\/comments?post=2902"}],"version-history":[{"count":196,"href":"https:\/\/suntak.com.mx\/es\/wp-json\/wp\/v2\/pages\/2902\/revisions"}],"predecessor-version":[{"id":9200,"href":"https:\/\/suntak.com.mx\/es\/wp-json\/wp\/v2\/pages\/2902\/revisions\/9200"}],"wp:attachment":[{"href":"https:\/\/suntak.com.mx\/es\/wp-json\/wp\/v2\/media?parent=2902"}],"curies":[{"name":"wp","href":"https:\/\/api.w.org\/{rel}","templated":true}]}}