{"id":4575,"date":"2025-03-21T19:41:55","date_gmt":"2025-03-21T19:41:55","guid":{"rendered":"https:\/\/suntak.com.mx\/?page_id=4575"},"modified":"2025-09-30T02:43:19","modified_gmt":"2025-09-30T02:43:19","slug":"project-management","status":"publish","type":"page","link":"https:\/\/suntak.com.mx\/es\/project-management","title":{"rendered":"Gesti\u00f3n de proyectos"},"content":{"rendered":"<div data-elementor-type=\"wp-page\" data-elementor-id=\"4575\" class=\"elementor elementor-4575\" data-elementor-post-type=\"page\">\n\t\t\t\t<div class=\"elementor-element elementor-element-e3d803b e-flex e-con-boxed e-con e-parent\" data-id=\"e3d803b\" data-element_type=\"container\" data-settings=\"{&quot;background_background&quot;:&quot;classic&quot;}\">\n\t\t\t\t\t<div class=\"e-con-inner\">\n\t\t<div class=\"elementor-element elementor-element-3f4bb24 e-flex e-con-boxed e-con e-child\" data-id=\"3f4bb24\" data-element_type=\"container\">\n\t\t\t\t\t<div class=\"e-con-inner\">\n\t\t\t\t<div class=\"elementor-element elementor-element-218011f elementor-invisible elementor-widget elementor-widget-heading\" data-id=\"218011f\" data-element_type=\"widget\" data-settings=\"{&quot;_animation&quot;:&quot;fadeInUp&quot;,&quot;_animation_delay&quot;:200}\" data-widget_type=\"heading.default\">\n\t\t\t\t<div class=\"elementor-widget-container\">\n\t\t\t\t\t<h1 class=\"elementor-heading-title elementor-size-default\">Gesti\u00f3n de proyectos<\/h1>\t\t\t\t<\/div>\n\t\t\t\t<\/div>\n\t\t\t\t<div class=\"elementor-element elementor-element-f6e28bd animated-slow elementor-invisible elementor-widget elementor-widget-text-editor\" data-id=\"f6e28bd\" data-element_type=\"widget\" data-settings=\"{&quot;_animation&quot;:&quot;fadeIn&quot;,&quot;_animation_delay&quot;:500}\" data-widget_type=\"text-editor.default\">\n\t\t\t\t<div class=\"elementor-widget-container\">\n\t\t\t\t\t\t\t\t\t<div id=\"u105320\" class=\"clearfix shared_content scroll_effect\" data-content-guid=\"u105320_content\">\n<div id=\"u105321-4\" class=\"clearfix grpelem\" data-muse-uid=\"U105321\" data-muse-type=\"txt_frame\" data-ibe-flags=\"txtStyleSrc\">\n\nGesti\u00f3n Eficiente de Proyectos de Construcci\u00f3n\n<\/div>\n<\/div>\t\t\t\t\t\t\t\t<\/div>\n\t\t\t\t<\/div>\n\t\t\t\t\t<\/div>\n\t\t\t\t<\/div>\n\t\t\t\t\t<\/div>\n\t\t\t\t<\/div>\n\t\t<div class=\"elementor-element elementor-element-ca8a1de e-flex e-con-boxed e-con e-parent\" data-id=\"ca8a1de\" data-element_type=\"container\">\n\t\t\t\t\t<div class=\"e-con-inner\">\n\t\t<div class=\"elementor-element elementor-element-429dff8 e-con-full e-flex e-con e-child\" data-id=\"429dff8\" data-element_type=\"container\">\n\t\t<div class=\"elementor-element elementor-element-3e8ea96 e-con-full e-flex elementor-invisible e-con e-child\" data-id=\"3e8ea96\" data-element_type=\"container\" data-settings=\"{&quot;animation&quot;:&quot;fadeIn&quot;}\">\n\t\t\t\t<div class=\"elementor-element elementor-element-8eedf3e elementor-widget elementor-widget-heading\" data-id=\"8eedf3e\" data-element_type=\"widget\" data-widget_type=\"heading.default\">\n\t\t\t\t<div class=\"elementor-widget-container\">\n\t\t\t\t\t<h2 class=\"elementor-heading-title elementor-size-default\">\u00bfC\u00f3mo funciona?<\/h2>\t\t\t\t<\/div>\n\t\t\t\t<\/div>\n\t\t\t\t<div class=\"elementor-element elementor-element-9232ce4 elementor-widget elementor-widget-text-editor\" data-id=\"9232ce4\" data-element_type=\"widget\" data-widget_type=\"text-editor.default\">\n\t\t\t\t<div class=\"elementor-widget-container\">\n\t\t\t\t\t\t\t\t\t<p class=\"\" data-start=\"0\" data-end=\"292\"><span style=\"color: var( --e-global-color-text ); font-family: var( --e-global-typography-text-font-family ), Sans-serif; font-weight: var( --e-global-typography-text-font-weight ); font-size: 1rem;\">En este servicio, promovemos la construcci\u00f3n como <\/span><b style=\"color: var( --e-global-color-text ); font-family: var( --e-global-typography-text-font-family ), Sans-serif; font-size: 1rem;\">la mejor manera de ahorrar recursos <\/b><span style=\"color: var( --e-global-color-text ); font-family: var( --e-global-typography-text-font-family ), Sans-serif; font-weight: var( --e-global-typography-text-font-weight ); font-size: 1rem;\">y cumplir con el cronograma del proyecto. <\/span><b style=\"color: var( --e-global-color-text ); font-family: var( --e-global-typography-text-font-family ), Sans-serif; font-size: 1rem;\">Nos apoyamos en el sistema de gesti\u00f3n BIM <\/b><span style=\"color: var( --e-global-color-text ); font-family: var( --e-global-typography-text-font-family ), Sans-serif; font-weight: var( --e-global-typography-text-font-weight ); font-size: 1rem;\">para administrar el ciclo del proyecto de construcci\u00f3n, incluyendo la coordinaci\u00f3n y colaboraci\u00f3n del equipo de trabajo.<\/span><\/p><p><b>En Suntak, seleccionamos cuidadosamente a nuestro equipo de Gerentes de Proyecto<\/b> para desarrollar el objetivo principal: simplificar la comunicaci\u00f3n y garantizar que todos los procesos sean eficientes y est\u00e9n alineados con cada etapa del proyecto.<\/p>\t\t\t\t\t\t\t\t<\/div>\n\t\t\t\t<\/div>\n\t\t\t\t<div class=\"elementor-element elementor-element-a876076 elementor-widget elementor-widget-text-editor\" data-id=\"a876076\" data-element_type=\"widget\" data-widget_type=\"text-editor.default\">\n\t\t\t\t<div class=\"elementor-widget-container\">\n\t\t\t\t\t\t\t\t\t<p>Nuestros <strong>Gerentes de Proyecto est\u00e1n calificados para prevenir conflictos<\/strong> antes y durante el proceso de construcci\u00f3n. Las ventajas de contratar nuestro servicio de Gesti\u00f3n de Proyectos para la construcci\u00f3n son:<\/p>\t\t\t\t\t\t\t\t<\/div>\n\t\t\t\t<\/div>\n\t\t\t\t<div class=\"elementor-element elementor-element-523fb01 elementor-widget elementor-widget-image\" data-id=\"523fb01\" data-element_type=\"widget\" data-widget_type=\"image.default\">\n\t\t\t\t<div class=\"elementor-widget-container\">\n\t\t\t\t\t\t\t\t\t\t\t\t\t\t\t\t<a href=\"https:\/\/suntak.com.mx\/wp-content\/uploads\/2025\/03\/Gerencias-de-Proyecto.png\" data-elementor-open-lightbox=\"yes\" data-elementor-lightbox-title=\"Timeline\" data-e-action-hash=\"#elementor-action%3Aaction%3Dlightbox%26settings%3DeyJpZCI6NzY5OSwidXJsIjoiaHR0cHM6XC9cL3N1bnRhay5jb20ubXhcL3dwLWNvbnRlbnRcL3VwbG9hZHNcLzIwMjVcLzA1XC9UaW1lbGluZS5wbmcifQ%3D%3D\">\n\t\t\t\t\t\t\t<img fetchpriority=\"high\" decoding=\"async\" width=\"1080\" height=\"374\" src=\"https:\/\/suntak.com.mx\/wp-content\/uploads\/2025\/03\/Gerencias-de-Proyecto.png\" class=\"attachment-2048x2048 size-2048x2048 wp-image-7699\" alt=\"\" srcset=\"https:\/\/suntak.com.mx\/wp-content\/uploads\/2025\/03\/Gerencias-de-Proyecto.png 1080w, https:\/\/suntak.com.mx\/wp-content\/uploads\/2025\/03\/Gerencias-de-Proyecto-300x139.png 300w, https:\/\/suntak.com.mx\/wp-content\/uploads\/2025\/03\/Gerencias-de-Proyecto-1024x474.png 1024w, https:\/\/suntak.com.mx\/wp-content\/uploads\/2025\/03\/Gerencias-de-Proyecto-768x356.png 768w\" sizes=\"(max-width: 1080px) 100vw, 1080px\" \/>\t\t\t\t\t\t\t\t<\/a>\n\t\t\t\t\t\t\t\t\t\t\t\t\t\t\t<\/div>\n\t\t\t\t<\/div>\n\t\t\t\t<\/div>\n\t\t\t\t<\/div>\n\t\t\t\t\t<\/div>\n\t\t\t\t<\/div>\n\t\t<div class=\"elementor-element elementor-element-8506a79 e-flex e-con-boxed elementor-invisible e-con e-parent\" data-id=\"8506a79\" data-element_type=\"container\" data-settings=\"{&quot;background_background&quot;:&quot;classic&quot;,&quot;animation&quot;:&quot;fadeIn&quot;}\">\n\t\t\t\t\t<div class=\"e-con-inner\">\n\t\t<div class=\"elementor-element elementor-element-66962c9 e-flex e-con-boxed e-con e-child\" data-id=\"66962c9\" data-element_type=\"container\">\n\t\t\t\t\t<div class=\"e-con-inner\">\n\t\t<a class=\"elementor-element elementor-element-5a3e725 e-con-full e-flex e-con e-child\" data-id=\"5a3e725\" data-element_type=\"container\" data-settings=\"{&quot;background_background&quot;:&quot;classic&quot;}\" href=\"https:\/\/suntak.com.mx\/turnkey-project\">\n\t\t\t\t<div class=\"elementor-element elementor-element-5c34dbc elementor-widget elementor-widget-heading\" data-id=\"5c34dbc\" data-element_type=\"widget\" data-widget_type=\"heading.default\">\n\t\t\t\t<div class=\"elementor-widget-container\">\n\t\t\t\t\t<h2 class=\"elementor-heading-title elementor-size-default\">Proyectos llave en mano<\/h2>\t\t\t\t<\/div>\n\t\t\t\t<\/div>\n\t\t\t\t<\/a>\n\t\t<a class=\"elementor-element elementor-element-4aac995 e-flex e-con-boxed e-con e-child\" data-id=\"4aac995\" data-element_type=\"container\" data-settings=\"{&quot;background_background&quot;:&quot;classic&quot;}\" href=\"https:\/\/suntak.com.mx\/design-and-engineering\">\n\t\t\t\t\t<div class=\"e-con-inner\">\n\t\t\t\t<div class=\"elementor-element elementor-element-02ea4c5 elementor-widget elementor-widget-heading\" data-id=\"02ea4c5\" data-element_type=\"widget\" data-widget_type=\"heading.default\">\n\t\t\t\t<div class=\"elementor-widget-container\">\n\t\t\t\t\t<h2 class=\"elementor-heading-title elementor-size-default\">Dise\u00f1o e Ingenier\u00eda<\/h2>\t\t\t\t<\/div>\n\t\t\t\t<\/div>\n\t\t\t\t\t<\/div>\n\t\t\t\t<\/a>\n\t\t<a class=\"elementor-element elementor-element-900d3fb e-con-full e-flex e-con e-child\" data-id=\"900d3fb\" data-element_type=\"container\" data-settings=\"{&quot;background_background&quot;:&quot;classic&quot;}\" href=\"https:\/\/suntak.com.mx\/construction-as-a-general-contractor\">\n\t\t\t\t<div class=\"elementor-element elementor-element-e04a92e elementor-widget elementor-widget-heading\" data-id=\"e04a92e\" data-element_type=\"widget\" data-widget_type=\"heading.default\">\n\t\t\t\t<div class=\"elementor-widget-container\">\n\t\t\t\t\t<h2 class=\"elementor-heading-title elementor-size-default\">Construcci\u00f3n como contratista general<\/h2>\t\t\t\t<\/div>\n\t\t\t\t<\/div>\n\t\t\t\t<\/a>\n\t\t<a class=\"elementor-element elementor-element-1f36123 e-con-full e-flex e-con e-child\" data-id=\"1f36123\" data-element_type=\"container\" data-settings=\"{&quot;background_background&quot;:&quot;classic&quot;}\" href=\"https:\/\/suntak.com.mx\/bidding-management\">\n\t\t\t\t<div class=\"elementor-element elementor-element-493746e elementor-widget elementor-widget-heading\" data-id=\"493746e\" data-element_type=\"widget\" data-widget_type=\"heading.default\">\n\t\t\t\t<div class=\"elementor-widget-container\">\n\t\t\t\t\t<h2 class=\"elementor-heading-title elementor-size-default\">Administraci\u00f3n de licitaciones<\/h2>\t\t\t\t<\/div>\n\t\t\t\t<\/div>\n\t\t\t\t<\/a>\n\t\t\t\t\t<\/div>\n\t\t\t\t<\/div>\n\t\t\t\t\t<\/div>\n\t\t\t\t<\/div>\n\t\t\t\t<\/div>","protected":false},"excerpt":{"rendered":"<p>Project Management Efficient Management of Construction Projects How does it work? In this service, we promote construction as the best way to save resources and meet the project schedule. We rely on the BIM management system to oversee the construction project cycle, including team coordination and collaboration. At Suntak, we carefully select our team of [&hellip;]<\/p>","protected":false},"author":1,"featured_media":0,"parent":0,"menu_order":0,"comment_status":"closed","ping_status":"closed","template":"","meta":{"footnotes":""},"class_list":["post-4575","page","type-page","status-publish","hentry"],"yoast_head":"<!-- This site is optimized with the Yoast SEO plugin v26.7 - https:\/\/yoast.com\/wordpress\/plugins\/seo\/ -->\n<title>Project Management - suntak<\/title>\n<meta name=\"description\" content=\"Suntak Gesti\u00f3n de Proyectos de construcci\u00f3n. La mejor manera de ahorrar recursos y cumplir con el cronograma del proyecto.\" \/>\n<meta name=\"robots\" content=\"index, follow, max-snippet:-1, max-image-preview:large, max-video-preview:-1\" \/>\n<link rel=\"canonical\" href=\"https:\/\/suntak.com.mx\/es\/project-management\" \/>\n<meta property=\"og:locale\" content=\"es_MX\" \/>\n<meta property=\"og:type\" content=\"article\" \/>\n<meta property=\"og:title\" content=\"Project Management - suntak\" \/>\n<meta property=\"og:description\" content=\"Suntak Gesti\u00f3n de Proyectos de construcci\u00f3n. La mejor manera de ahorrar recursos y cumplir con el cronograma del proyecto.\" \/>\n<meta property=\"og:url\" content=\"https:\/\/suntak.com.mx\/es\/project-management\" \/>\n<meta property=\"og:site_name\" content=\"suntak\" \/>\n<meta property=\"article:publisher\" content=\"https:\/\/www.facebook.com\/suntak.project.management\" \/>\n<meta property=\"article:modified_time\" content=\"2025-09-30T02:43:19+00:00\" \/>\n<meta property=\"og:image\" content=\"https:\/\/suntak.com.mx\/wp-content\/uploads\/2025\/05\/Timeline.png\" \/>\n<meta name=\"twitter:card\" content=\"summary_large_image\" \/>\n<meta name=\"twitter:site\" content=\"@suntakproject\" \/>\n<meta name=\"twitter:label1\" content=\"Tiempo de lectura\" \/>\n\t<meta name=\"twitter:data1\" content=\"1 minuto\" \/>\n<script type=\"application\/ld+json\" class=\"yoast-schema-graph\">{\"@context\":\"https:\/\/schema.org\",\"@graph\":[{\"@type\":\"WebPage\",\"@id\":\"https:\/\/suntak.com.mx\/project-management\",\"url\":\"https:\/\/suntak.com.mx\/project-management\",\"name\":\"Project Management - suntak\",\"isPartOf\":{\"@id\":\"https:\/\/suntak.com.mx\/en_us\/#website\"},\"primaryImageOfPage\":{\"@id\":\"https:\/\/suntak.com.mx\/project-management#primaryimage\"},\"image\":{\"@id\":\"https:\/\/suntak.com.mx\/project-management#primaryimage\"},\"thumbnailUrl\":\"https:\/\/suntak.com.mx\/wp-content\/uploads\/2025\/05\/Timeline.png\",\"datePublished\":\"2025-03-21T19:41:55+00:00\",\"dateModified\":\"2025-09-30T02:43:19+00:00\",\"description\":\"Suntak Gesti\u00f3n de Proyectos de construcci\u00f3n. La mejor manera de ahorrar recursos y cumplir con el cronograma del proyecto.\",\"breadcrumb\":{\"@id\":\"https:\/\/suntak.com.mx\/project-management#breadcrumb\"},\"inLanguage\":\"es\",\"potentialAction\":[{\"@type\":\"ReadAction\",\"target\":[\"https:\/\/suntak.com.mx\/project-management\"]}]},{\"@type\":\"ImageObject\",\"inLanguage\":\"es\",\"@id\":\"https:\/\/suntak.com.mx\/project-management#primaryimage\",\"url\":\"https:\/\/suntak.com.mx\/wp-content\/uploads\/2025\/05\/Timeline.png\",\"contentUrl\":\"https:\/\/suntak.com.mx\/wp-content\/uploads\/2025\/05\/Timeline.png\"},{\"@type\":\"BreadcrumbList\",\"@id\":\"https:\/\/suntak.com.mx\/project-management#breadcrumb\",\"itemListElement\":[{\"@type\":\"ListItem\",\"position\":1,\"name\":\"Inicio\",\"item\":\"https:\/\/suntak.com.mx\/\"},{\"@type\":\"ListItem\",\"position\":2,\"name\":\"Project Management\"}]},{\"@type\":\"WebSite\",\"@id\":\"https:\/\/suntak.com.mx\/en_us\/#website\",\"url\":\"https:\/\/suntak.com.mx\/en_us\/\",\"name\":\"Suntak\",\"description\":\"\",\"publisher\":{\"@id\":\"https:\/\/suntak.com.mx\/en_us\/#organization\"},\"potentialAction\":[{\"@type\":\"SearchAction\",\"target\":{\"@type\":\"EntryPoint\",\"urlTemplate\":\"https:\/\/suntak.com.mx\/en_us\/?s={search_term_string}\"},\"query-input\":{\"@type\":\"PropertyValueSpecification\",\"valueRequired\":true,\"valueName\":\"search_term_string\"}}],\"inLanguage\":\"es\"},{\"@type\":\"Organization\",\"@id\":\"https:\/\/suntak.com.mx\/en_us\/#organization\",\"name\":\"Suntak\",\"url\":\"https:\/\/suntak.com.mx\/en_us\/\",\"logo\":{\"@type\":\"ImageObject\",\"inLanguage\":\"es\",\"@id\":\"https:\/\/suntak.com.mx\/en_us\/#\/schema\/logo\/image\/\",\"url\":\"https:\/\/suntak.com.mx\/wp-content\/uploads\/2025\/02\/Suntak-FavIcon-1.png\",\"contentUrl\":\"https:\/\/suntak.com.mx\/wp-content\/uploads\/2025\/02\/Suntak-FavIcon-1.png\",\"width\":512,\"height\":512,\"caption\":\"Suntak\"},\"image\":{\"@id\":\"https:\/\/suntak.com.mx\/en_us\/#\/schema\/logo\/image\/\"},\"sameAs\":[\"https:\/\/www.facebook.com\/suntak.project.management\",\"https:\/\/x.com\/suntakproject\",\"https:\/\/www.linkedin.com\/company\/suntakproject\",\"https:\/\/www.instagram.com\/suntakproject\/\"]}]}<\/script>\n<!-- \/ Yoast SEO plugin. -->","yoast_head_json":{"title":"Project Management - suntak","description":"Suntak Gesti\u00f3n de Proyectos de construcci\u00f3n. La mejor manera de ahorrar recursos y cumplir con el cronograma del proyecto.","robots":{"index":"index","follow":"follow","max-snippet":"max-snippet:-1","max-image-preview":"max-image-preview:large","max-video-preview":"max-video-preview:-1"},"canonical":"https:\/\/suntak.com.mx\/es\/project-management","og_locale":"es_MX","og_type":"article","og_title":"Project Management - suntak","og_description":"Suntak Gesti\u00f3n de Proyectos de construcci\u00f3n. La mejor manera de ahorrar recursos y cumplir con el cronograma del proyecto.","og_url":"https:\/\/suntak.com.mx\/es\/project-management","og_site_name":"suntak","article_publisher":"https:\/\/www.facebook.com\/suntak.project.management","article_modified_time":"2025-09-30T02:43:19+00:00","og_image":[{"url":"https:\/\/suntak.com.mx\/wp-content\/uploads\/2025\/05\/Timeline.png","type":"","width":"","height":""}],"twitter_card":"summary_large_image","twitter_site":"@suntakproject","twitter_misc":{"Tiempo de lectura":"1 minuto"},"schema":{"@context":"https:\/\/schema.org","@graph":[{"@type":"WebPage","@id":"https:\/\/suntak.com.mx\/project-management","url":"https:\/\/suntak.com.mx\/project-management","name":"Project Management - suntak","isPartOf":{"@id":"https:\/\/suntak.com.mx\/en_us\/#website"},"primaryImageOfPage":{"@id":"https:\/\/suntak.com.mx\/project-management#primaryimage"},"image":{"@id":"https:\/\/suntak.com.mx\/project-management#primaryimage"},"thumbnailUrl":"https:\/\/suntak.com.mx\/wp-content\/uploads\/2025\/05\/Timeline.png","datePublished":"2025-03-21T19:41:55+00:00","dateModified":"2025-09-30T02:43:19+00:00","description":"Suntak Gesti\u00f3n de Proyectos de construcci\u00f3n. La mejor manera de ahorrar recursos y cumplir con el cronograma del proyecto.","breadcrumb":{"@id":"https:\/\/suntak.com.mx\/project-management#breadcrumb"},"inLanguage":"es","potentialAction":[{"@type":"ReadAction","target":["https:\/\/suntak.com.mx\/project-management"]}]},{"@type":"ImageObject","inLanguage":"es","@id":"https:\/\/suntak.com.mx\/project-management#primaryimage","url":"https:\/\/suntak.com.mx\/wp-content\/uploads\/2025\/05\/Timeline.png","contentUrl":"https:\/\/suntak.com.mx\/wp-content\/uploads\/2025\/05\/Timeline.png"},{"@type":"BreadcrumbList","@id":"https:\/\/suntak.com.mx\/project-management#breadcrumb","itemListElement":[{"@type":"ListItem","position":1,"name":"Inicio","item":"https:\/\/suntak.com.mx\/"},{"@type":"ListItem","position":2,"name":"Project Management"}]},{"@type":"WebSite","@id":"https:\/\/suntak.com.mx\/en_us\/#website","url":"https:\/\/suntak.com.mx\/en_us\/","name":"Suntak","description":"","publisher":{"@id":"https:\/\/suntak.com.mx\/en_us\/#organization"},"potentialAction":[{"@type":"SearchAction","target":{"@type":"EntryPoint","urlTemplate":"https:\/\/suntak.com.mx\/en_us\/?s={search_term_string}"},"query-input":{"@type":"PropertyValueSpecification","valueRequired":true,"valueName":"search_term_string"}}],"inLanguage":"es"},{"@type":"Organization","@id":"https:\/\/suntak.com.mx\/en_us\/#organization","name":"Suntak","url":"https:\/\/suntak.com.mx\/en_us\/","logo":{"@type":"ImageObject","inLanguage":"es","@id":"https:\/\/suntak.com.mx\/en_us\/#\/schema\/logo\/image\/","url":"https:\/\/suntak.com.mx\/wp-content\/uploads\/2025\/02\/Suntak-FavIcon-1.png","contentUrl":"https:\/\/suntak.com.mx\/wp-content\/uploads\/2025\/02\/Suntak-FavIcon-1.png","width":512,"height":512,"caption":"Suntak"},"image":{"@id":"https:\/\/suntak.com.mx\/en_us\/#\/schema\/logo\/image\/"},"sameAs":["https:\/\/www.facebook.com\/suntak.project.management","https:\/\/x.com\/suntakproject","https:\/\/www.linkedin.com\/company\/suntakproject","https:\/\/www.instagram.com\/suntakproject\/"]}]}},"_links":{"self":[{"href":"https:\/\/suntak.com.mx\/es\/wp-json\/wp\/v2\/pages\/4575","targetHints":{"allow":["GET"]}}],"collection":[{"href":"https:\/\/suntak.com.mx\/es\/wp-json\/wp\/v2\/pages"}],"about":[{"href":"https:\/\/suntak.com.mx\/es\/wp-json\/wp\/v2\/types\/page"}],"author":[{"embeddable":true,"href":"https:\/\/suntak.com.mx\/es\/wp-json\/wp\/v2\/users\/1"}],"replies":[{"embeddable":true,"href":"https:\/\/suntak.com.mx\/es\/wp-json\/wp\/v2\/comments?post=4575"}],"version-history":[{"count":81,"href":"https:\/\/suntak.com.mx\/es\/wp-json\/wp\/v2\/pages\/4575\/revisions"}],"predecessor-version":[{"id":9203,"href":"https:\/\/suntak.com.mx\/es\/wp-json\/wp\/v2\/pages\/4575\/revisions\/9203"}],"wp:attachment":[{"href":"https:\/\/suntak.com.mx\/es\/wp-json\/wp\/v2\/media?parent=4575"}],"curies":[{"name":"wp","href":"https:\/\/api.w.org\/{rel}","templated":true}]}}