{"id":550,"date":"2025-01-23T17:33:37","date_gmt":"2025-01-23T17:33:37","guid":{"rendered":"https:\/\/suntak.com.mx\/?page_id=550"},"modified":"2025-04-03T21:28:20","modified_gmt":"2025-04-03T21:28:20","slug":"proyectos1","status":"publish","type":"page","link":"https:\/\/suntak.com.mx\/es\/proyectos1","title":{"rendered":"Proyectos 1"},"content":{"rendered":"<div data-elementor-type=\"wp-page\" data-elementor-id=\"550\" class=\"elementor elementor-550\" data-elementor-post-type=\"page\">\n\t\t\t\t\t\t<section class=\"elementor-section elementor-top-section elementor-element elementor-element-5e157c1 elementor-section-height-min-height elementor-section-full_width elementor-section-items-bottom elementor-hidden-desktop elementor-hidden-tablet elementor-hidden-mobile elementor-section-height-default\" data-id=\"5e157c1\" data-element_type=\"section\" data-settings=\"{&quot;background_background&quot;:&quot;slideshow&quot;,&quot;background_slideshow_slide_duration&quot;:4000,&quot;background_slideshow_transition_duration&quot;:2500,&quot;background_slideshow_ken_burns&quot;:&quot;yes&quot;,&quot;background_slideshow_gallery&quot;:[],&quot;background_slideshow_loop&quot;:&quot;yes&quot;,&quot;background_slideshow_slide_transition&quot;:&quot;fade&quot;,&quot;background_slideshow_ken_burns_zoom_direction&quot;:&quot;in&quot;}\">\n\t\t\t\t\t\t\t<div class=\"elementor-background-overlay\"><\/div>\n\t\t\t\t\t\t\t<div class=\"elementor-container elementor-column-gap-no\">\n\t\t\t\t\t<div class=\"elementor-column elementor-col-100 elementor-top-column elementor-element elementor-element-7004ace4\" data-id=\"7004ace4\" data-element_type=\"column\">\n\t\t\t<div class=\"elementor-widget-wrap elementor-element-populated\">\n\t\t\t\t\t\t<div class=\"elementor-element elementor-element-c5e957c elementor-widget elementor-widget-video\" data-id=\"c5e957c\" data-element_type=\"widget\" data-settings=\"{&quot;video_type&quot;:&quot;hosted&quot;,&quot;autoplay&quot;:&quot;yes&quot;,&quot;play_on_mobile&quot;:&quot;yes&quot;,&quot;mute&quot;:&quot;yes&quot;,&quot;loop&quot;:&quot;yes&quot;}\" data-widget_type=\"video.default\">\n\t\t\t\t<div class=\"elementor-widget-container\">\n\t\t\t\t\t\t\t<div class=\"e-hosted-video elementor-wrapper elementor-open-inline\">\n\t\t\t\t\t<video class=\"elementor-video\" src=\"https:\/\/suntak.com.mx\/wp-content\/uploads\/2025\/01\/IMG_2277-1.mp4-1-1.mp4\" autoplay=\"\" loop=\"\" muted=\"muted\" playsinline=\"\" controlslist=\"nodownload\"><\/video>\n\t\t\t\t<\/div>\n\t\t\t\t\t\t<\/div>\n\t\t\t\t<\/div>\n\t\t\t\t\t<\/div>\n\t\t<\/div>\n\t\t\t\t\t<\/div>\n\t\t<\/section>\n\t\t<div class=\"elementor-element elementor-element-4e39c1b e-con-full e-flex e-con e-parent\" data-id=\"4e39c1b\" data-element_type=\"container\" data-settings=\"{&quot;background_background&quot;:&quot;slideshow&quot;,&quot;background_slideshow_slide_duration&quot;:4000,&quot;background_slideshow_transition_duration&quot;:2500,&quot;background_slideshow_ken_burns&quot;:&quot;yes&quot;,&quot;background_slideshow_gallery&quot;:[],&quot;background_slideshow_loop&quot;:&quot;yes&quot;,&quot;background_slideshow_slide_transition&quot;:&quot;fade&quot;,&quot;background_slideshow_ken_burns_zoom_direction&quot;:&quot;in&quot;}\">\n\t\t<div class=\"elementor-element elementor-element-94d5b4a e-con-full e-flex e-con e-child\" data-id=\"94d5b4a\" data-element_type=\"container\">\n\t\t\t\t<div class=\"elementor-element elementor-element-1f33278 elementor-widget elementor-widget-video\" data-id=\"1f33278\" data-element_type=\"widget\" data-settings=\"{&quot;video_type&quot;:&quot;hosted&quot;,&quot;autoplay&quot;:&quot;yes&quot;,&quot;play_on_mobile&quot;:&quot;yes&quot;,&quot;mute&quot;:&quot;yes&quot;,&quot;loop&quot;:&quot;yes&quot;}\" data-widget_type=\"video.default\">\n\t\t\t\t<div class=\"elementor-widget-container\">\n\t\t\t\t\t\t\t<div class=\"e-hosted-video elementor-wrapper elementor-open-inline\">\n\t\t\t\t\t<video class=\"elementor-video\" src=\"https:\/\/suntak.com.mx\/wp-content\/uploads\/2025\/01\/IMG_2277-1.mp4-1-1.mp4\" autoplay=\"\" loop=\"\" muted=\"muted\" playsinline=\"\" controlslist=\"nodownload\"><\/video>\n\t\t\t\t<\/div>\n\t\t\t\t\t\t<\/div>\n\t\t\t\t<\/div>\n\t\t\t\t<\/div>\n\t\t\t\t<\/div>\n\t\t<div class=\"elementor-element elementor-element-619fa88 e-flex e-con-boxed e-con e-parent\" data-id=\"619fa88\" data-element_type=\"container\">\n\t\t\t\t\t<div class=\"e-con-inner\">\n\t\t\t\t<div class=\"elementor-element elementor-element-aee6607 elementor-arrows-position-inside elementor-pagination-position-outside elementor-widget elementor-widget-image-carousel\" data-id=\"aee6607\" data-element_type=\"widget\" data-settings=\"{&quot;image_spacing_custom&quot;:{&quot;unit&quot;:&quot;px&quot;,&quot;size&quot;:40,&quot;sizes&quot;:[]},&quot;navigation&quot;:&quot;both&quot;,&quot;autoplay&quot;:&quot;yes&quot;,&quot;pause_on_hover&quot;:&quot;yes&quot;,&quot;pause_on_interaction&quot;:&quot;yes&quot;,&quot;autoplay_speed&quot;:5000,&quot;infinite&quot;:&quot;yes&quot;,&quot;speed&quot;:500,&quot;image_spacing_custom_tablet&quot;:{&quot;unit&quot;:&quot;px&quot;,&quot;size&quot;:&quot;&quot;,&quot;sizes&quot;:[]},&quot;image_spacing_custom_mobile&quot;:{&quot;unit&quot;:&quot;px&quot;,&quot;size&quot;:&quot;&quot;,&quot;sizes&quot;:[]}}\" data-widget_type=\"image-carousel.default\">\n\t\t\t\t<div class=\"elementor-widget-container\">\n\t\t\t\t\t\t\t<div class=\"elementor-image-carousel-wrapper swiper\" role=\"region\" aria-roledescription=\"carousel\" aria-label=\"Carrusel de Im\u00e1genes\" dir=\"ltr\">\n\t\t\t<div class=\"elementor-image-carousel swiper-wrapper\" aria-live=\"off\">\n\t\t\t\t\t\t\t\t<div class=\"swiper-slide\" role=\"group\" aria-roledescription=\"slide\" aria-label=\"1 of 6\"><a data-elementor-open-lightbox=\"yes\" data-elementor-lightbox-slideshow=\"aee6607\" data-elementor-lightbox-title=\"TREDEC\" data-e-action-hash=\"#elementor-action%3Aaction%3Dlightbox%26settings%3DeyJpZCI6MzkyMCwidXJsIjoiaHR0cHM6XC9cL3N1bnRhay5jb20ubXhcL3dwLWNvbnRlbnRcL3VwbG9hZHNcLzIwMjVcLzAyXC9UUkVERUMucG5nIiwic2xpZGVzaG93IjoiYWVlNjYwNyJ9\" href=\"https:\/\/suntak.com.mx\/wp-content\/uploads\/2025\/02\/TREDEC.png\"><figure class=\"swiper-slide-inner\"><img decoding=\"async\" class=\"swiper-slide-image\" src=\"https:\/\/suntak.com.mx\/wp-content\/uploads\/elementor\/thumbs\/TREDEC-r1cv2fi9jubthjiesglb8sauuxwwuunthfvs81zz48.png\" alt=\"TREDEC\" \/><\/figure><\/a><\/div><div class=\"swiper-slide\" role=\"group\" aria-roledescription=\"slide\" aria-label=\"2 of 6\"><a data-elementor-open-lightbox=\"yes\" data-elementor-lightbox-slideshow=\"aee6607\" data-elementor-lightbox-title=\"HITACHI AUTOMOTIVE\" data-e-action-hash=\"#elementor-action%3Aaction%3Dlightbox%26settings%3DeyJpZCI6Mzk5NSwidXJsIjoiaHR0cHM6XC9cL3N1bnRhay5jb20ubXhcL3dwLWNvbnRlbnRcL3VwbG9hZHNcLzIwMjVcLzAyXC9ISVRBQ0hJLUFVVE9NT1RJVkUucG5nIiwic2xpZGVzaG93IjoiYWVlNjYwNyJ9\" href=\"https:\/\/suntak.com.mx\/wp-content\/uploads\/2025\/02\/HITACHI-AUTOMOTIVE.png\"><figure class=\"swiper-slide-inner\"><img decoding=\"async\" class=\"swiper-slide-image\" src=\"https:\/\/suntak.com.mx\/wp-content\/uploads\/elementor\/thumbs\/HITACHI-AUTOMOTIVE-r1cx3pz8fsnoqz1vtn335shqbio818md873qbrbvyg.png\" alt=\"HITACHI AUTOMOTIVE\" \/><\/figure><\/a><\/div><div class=\"swiper-slide\" role=\"group\" aria-roledescription=\"slide\" aria-label=\"3 of 6\"><a data-elementor-open-lightbox=\"yes\" data-elementor-lightbox-slideshow=\"aee6607\" data-elementor-lightbox-title=\"NAVE INTERPUERTO\" data-e-action-hash=\"#elementor-action%3Aaction%3Dlightbox%26settings%3DeyJpZCI6Mzk5OSwidXJsIjoiaHR0cHM6XC9cL3N1bnRhay5jb20ubXhcL3dwLWNvbnRlbnRcL3VwbG9hZHNcLzIwMjVcLzAyXC9OQVZFLUlOVEVSUFVFUlRPLnBuZyIsInNsaWRlc2hvdyI6ImFlZTY2MDcifQ%3D%3D\" href=\"https:\/\/suntak.com.mx\/wp-content\/uploads\/2025\/02\/NAVE-INTERPUERTO.png\"><figure class=\"swiper-slide-inner\"><img decoding=\"async\" class=\"swiper-slide-image\" src=\"https:\/\/suntak.com.mx\/wp-content\/uploads\/elementor\/thumbs\/NAVE-INTERPUERTO-r1cx70ewcx5tdu9um2a2vylt62ggz3ojohawsmga6g.png\" alt=\"NAVE INTERPUERTO\" \/><\/figure><\/a><\/div><div class=\"swiper-slide\" role=\"group\" aria-roledescription=\"slide\" aria-label=\"4 of 6\"><a data-elementor-open-lightbox=\"yes\" data-elementor-lightbox-slideshow=\"aee6607\" data-elementor-lightbox-title=\"AGC\" data-e-action-hash=\"#elementor-action%3Aaction%3Dlightbox%26settings%3DeyJpZCI6NDAwMywidXJsIjoiaHR0cHM6XC9cL3N1bnRhay5jb20ubXhcL3dwLWNvbnRlbnRcL3VwbG9hZHNcLzIwMjVcLzAyXC9BR0MucG5nIiwic2xpZGVzaG93IjoiYWVlNjYwNyJ9\" href=\"https:\/\/suntak.com.mx\/wp-content\/uploads\/2025\/02\/AGC.png\"><figure class=\"swiper-slide-inner\"><img decoding=\"async\" class=\"swiper-slide-image\" src=\"https:\/\/suntak.com.mx\/wp-content\/uploads\/elementor\/thumbs\/AGC-r1cxfqczrl3l3lltotzh0rdrkrh2e0aw7n7331isg8.png\" alt=\"AGC\" \/><\/figure><\/a><\/div><div class=\"swiper-slide\" role=\"group\" aria-roledescription=\"slide\" aria-label=\"5 of 6\"><a data-elementor-open-lightbox=\"yes\" data-elementor-lightbox-slideshow=\"aee6607\" data-elementor-lightbox-title=\"MYCOM\" data-e-action-hash=\"#elementor-action%3Aaction%3Dlightbox%26settings%3DeyJpZCI6NDAwNywidXJsIjoiaHR0cHM6XC9cL3N1bnRhay5jb20ubXhcL3dwLWNvbnRlbnRcL3VwbG9hZHNcLzIwMjVcLzAyXC9NWUNPTS1zY2FsZWQuanBnIiwic2xpZGVzaG93IjoiYWVlNjYwNyJ9\" href=\"https:\/\/suntak.com.mx\/wp-content\/uploads\/2025\/02\/MYCOM-scaled.jpg\"><figure class=\"swiper-slide-inner\"><img decoding=\"async\" class=\"swiper-slide-image\" src=\"https:\/\/suntak.com.mx\/wp-content\/uploads\/elementor\/thumbs\/MYCOM-scaled-r1cxit9y61bf5l4pp5xg6ze5o8admaj7yw6dpoyc20.jpg\" alt=\"default\" \/><\/figure><\/a><\/div><div class=\"swiper-slide\" role=\"group\" aria-roledescription=\"slide\" aria-label=\"6 of 6\"><a data-elementor-open-lightbox=\"yes\" data-elementor-lightbox-slideshow=\"aee6607\" data-elementor-lightbox-title=\"FUJIKOKI\" data-e-action-hash=\"#elementor-action%3Aaction%3Dlightbox%26settings%3DeyJpZCI6NDAxNywidXJsIjoiaHR0cHM6XC9cL3N1bnRhay5jb20ubXhcL3dwLWNvbnRlbnRcL3VwbG9hZHNcLzIwMjVcLzAyXC9GVUpJS09LMS5wbmciLCJzbGlkZXNob3ciOiJhZWU2NjA3In0%3D\" href=\"https:\/\/suntak.com.mx\/wp-content\/uploads\/2025\/02\/FUJIKOK1.png\"><figure class=\"swiper-slide-inner\"><img decoding=\"async\" class=\"swiper-slide-image\" src=\"https:\/\/suntak.com.mx\/wp-content\/uploads\/elementor\/thumbs\/FUJIKOK1-r1cxsxzbtr6oaaeyjjkp2fd05qcskur2p1arx1xkzs.png\" alt=\"FUJIKOKI\" \/><\/figure><\/a><\/div>\t\t\t<\/div>\n\t\t\t\t\t\t\t\t\t\t\t\t<div class=\"elementor-swiper-button elementor-swiper-button-prev\" role=\"button\" tabindex=\"0\">\n\t\t\t\t\t\t<svg aria-hidden=\"true\" class=\"e-font-icon-svg e-eicon-chevron-left\" viewbox=\"0 0 1000 1000\" xmlns=\"http:\/\/www.w3.org\/2000\/svg\"><path d=\"M646 125C629 125 613 133 604 142L308 442C296 454 292 471 292 487 292 504 296 521 308 533L604 854C617 867 629 875 646 875 663 875 679 871 692 858 704 846 713 829 713 812 713 796 708 779 692 767L438 487 692 225C700 217 708 204 708 187 708 171 704 154 692 142 675 129 663 125 646 125Z\"><\/path><\/svg>\t\t\t\t\t<\/div>\n\t\t\t\t\t<div class=\"elementor-swiper-button elementor-swiper-button-next\" role=\"button\" tabindex=\"0\">\n\t\t\t\t\t\t<svg aria-hidden=\"true\" class=\"e-font-icon-svg e-eicon-chevron-right\" viewbox=\"0 0 1000 1000\" xmlns=\"http:\/\/www.w3.org\/2000\/svg\"><path d=\"M696 533C708 521 713 504 713 487 713 471 708 454 696 446L400 146C388 133 375 125 354 125 338 125 325 129 313 142 300 154 292 171 292 187 292 204 296 221 308 233L563 492 304 771C292 783 288 800 288 817 288 833 296 850 308 863 321 871 338 875 354 875 371 875 388 867 400 854L696 533Z\"><\/path><\/svg>\t\t\t\t\t<\/div>\n\t\t\t\t\n\t\t\t\t\t\t\t\t\t<div class=\"swiper-pagination\"><\/div>\n\t\t\t\t\t\t\t\t\t<\/div>\n\t\t\t\t\t\t<\/div>\n\t\t\t\t<\/div>\n\t\t\t\t\t<\/div>\n\t\t\t\t<\/div>\n\t\t<div class=\"elementor-element elementor-element-3cf29c0 e-flex e-con-boxed e-con e-parent\" data-id=\"3cf29c0\" data-element_type=\"container\">\n\t\t\t\t\t<div class=\"e-con-inner\">\n\t\t<div class=\"elementor-element elementor-element-c3f5f39 e-con-full e-flex e-con e-child\" data-id=\"c3f5f39\" data-element_type=\"container\">\n\t\t\t\t<div class=\"elementor-element elementor-element-2d5a563 animated-slow elementor-invisible elementor-widget elementor-widget-heading\" data-id=\"2d5a563\" data-element_type=\"widget\" data-settings=\"{&quot;_animation&quot;:&quot;fadeIn&quot;,&quot;_animation_delay&quot;:500}\" data-widget_type=\"heading.default\">\n\t\t\t\t<div class=\"elementor-widget-container\">\n\t\t\t\t\t<h2 class=\"elementor-heading-title elementor-size-default\">Proyectos Destacados<\/h2>\t\t\t\t<\/div>\n\t\t\t\t<\/div>\n\t\t\t\t<\/div>\n\t\t<div class=\"elementor-element elementor-element-b12cc18 e-con-full e-flex e-con e-child\" data-id=\"b12cc18\" data-element_type=\"container\">\n\t\t<div class=\"elementor-element elementor-element-ee868a2 e-con-full e-flex elementor-invisible e-con e-child\" data-id=\"ee868a2\" data-element_type=\"container\" data-settings=\"{&quot;background_background&quot;:&quot;classic&quot;,&quot;animation&quot;:&quot;slideInRight&quot;}\">\n\t\t<div class=\"elementor-element elementor-element-ecc9f76 e-con-full e-flex e-con e-child\" data-id=\"ecc9f76\" data-element_type=\"container\">\n\t\t<div class=\"elementor-element elementor-element-46457a8 e-con-full animated-slow e-flex elementor-invisible e-con e-child\" data-id=\"46457a8\" data-element_type=\"container\" data-settings=\"{&quot;background_background&quot;:&quot;classic&quot;,&quot;animation&quot;:&quot;fadeIn&quot;,&quot;animation_delay&quot;:300}\">\n\t\t\t\t<div class=\"elementor-element elementor-element-a77e18c elementor-widget elementor-widget-heading\" data-id=\"a77e18c\" data-element_type=\"widget\" data-widget_type=\"heading.default\">\n\t\t\t\t<div class=\"elementor-widget-container\">\n\t\t\t\t\t<h2 class=\"elementor-heading-title elementor-size-default\">Nave Interpuerto<\/h2>\t\t\t\t<\/div>\n\t\t\t\t<\/div>\n\t\t\t\t<div class=\"elementor-element elementor-element-49192cd animated-slow elementor-invisible elementor-widget elementor-widget-text-editor\" data-id=\"49192cd\" data-element_type=\"widget\" data-settings=\"{&quot;_animation&quot;:&quot;fadeIn&quot;,&quot;_animation_delay&quot;:500}\" data-widget_type=\"text-editor.default\">\n\t\t\t\t<div class=\"elementor-widget-container\">\n\t\t\t\t\t\t\t\t\t<p id=\"u134350-2\">Tipo de construcci\u00f3n: <strong>Nueva Planta<\/strong><\/p><p>\u00c1rea: <strong>20,072\u202fm\u00b2<\/strong><\/p><p>A\u00f1o:<strong> 2020<\/strong><\/p><p><span class=\"grammar correction\" title=\"\u00bfQuer\u00eda decir \u00abLocalizaci\u00f3n\u00bb?\" data-type=\"grammar\" data-suggestions=\"[{&quot;value&quot;:&quot;Localizaci\u00f3n&quot;}]\" data-rule=\"ES_SPLIT_WORDS\" data-word=\"Lo calizaci\u00f3n\">Localizaci\u00f3n<\/span>: <em><strong>Salinas Victoria, Nuevo Le\u00f3n<\/strong><\/em><\/p>\t\t\t\t\t\t\t\t<\/div>\n\t\t\t\t<\/div>\n\t\t\t\t<\/div>\n\t\t\t\t<\/div>\n\t\t<div class=\"elementor-element elementor-element-47d7be7 e-con-full e-flex e-con e-child\" data-id=\"47d7be7\" data-element_type=\"container\">\n\t\t\t\t<div class=\"elementor-element elementor-element-d320994 animated-slow elementor-invisible elementor-widget elementor-widget-image\" data-id=\"d320994\" data-element_type=\"widget\" data-settings=\"{&quot;_animation&quot;:&quot;fadeIn&quot;,&quot;_animation_delay&quot;:600}\" data-widget_type=\"image.default\">\n\t\t\t\t<div class=\"elementor-widget-container\">\n\t\t\t\t\t\t\t\t\t\t\t\t\t\t\t<img fetchpriority=\"high\" decoding=\"async\" width=\"800\" height=\"534\" src=\"https:\/\/suntak.com.mx\/wp-content\/uploads\/2025\/01\/1a18fc126190875.61281f9e7e32e-1024x683.jpg\" class=\"attachment-large size-large wp-image-1403\" alt=\"\" srcset=\"https:\/\/suntak.com.mx\/wp-content\/uploads\/2025\/01\/1a18fc126190875.61281f9e7e32e-1024x683.jpg 1024w, https:\/\/suntak.com.mx\/wp-content\/uploads\/2025\/01\/1a18fc126190875.61281f9e7e32e-300x200.jpg 300w, https:\/\/suntak.com.mx\/wp-content\/uploads\/2025\/01\/1a18fc126190875.61281f9e7e32e-768x512.jpg 768w, https:\/\/suntak.com.mx\/wp-content\/uploads\/2025\/01\/1a18fc126190875.61281f9e7e32e-1536x1024.jpg 1536w, https:\/\/suntak.com.mx\/wp-content\/uploads\/2025\/01\/1a18fc126190875.61281f9e7e32e.jpg 1920w\" sizes=\"(max-width: 800px) 100vw, 800px\" \/>\t\t\t\t\t\t\t\t\t\t\t\t\t\t\t<\/div>\n\t\t\t\t<\/div>\n\t\t\t\t<\/div>\n\t\t\t\t<\/div>\n\t\t\t\t<\/div>\n\t\t\t\t\t<\/div>\n\t\t\t\t<\/div>\n\t\t\t\t<\/div>","protected":false},"excerpt":{"rendered":"<p>https:\/\/suntak.com.mx\/wp-content\/uploads\/2025\/01\/IMG_2277-1.mp4-1-1.mp4https:\/\/suntak.com.mx\/wp-content\/uploads\/2025\/01\/IMG_2277-1.mp4-1-1.mp4 &nbsp; &nbsp; &nbsp; &nbsp; &nbsp; &nbsp; Proyectos Destacados Nave Interpuerto Tipo de construcci\u00f3n: Nueva Planta \u00c1rea: 20,072\u202fm\u00b2 A\u00f1o: 2020 Localizaci\u00f3n: Salinas Victoria, Nuevo Le\u00f3n<\/p>","protected":false},"author":1,"featured_media":0,"parent":0,"menu_order":0,"comment_status":"closed","ping_status":"closed","template":"","meta":{"footnotes":""},"class_list":["post-550","page","type-page","status-publish","hentry"],"yoast_head":"<!-- This site is optimized with the Yoast SEO plugin v26.7 - https:\/\/yoast.com\/wordpress\/plugins\/seo\/ -->\n<title>Proyectos 1 - suntak<\/title>\n<meta name=\"robots\" content=\"index, follow, max-snippet:-1, max-image-preview:large, max-video-preview:-1\" \/>\n<link rel=\"canonical\" href=\"https:\/\/suntak.com.mx\/es\/proyectos1\" \/>\n<meta property=\"og:locale\" content=\"es_MX\" \/>\n<meta property=\"og:type\" content=\"article\" \/>\n<meta property=\"og:title\" content=\"Proyectos 1 - suntak\" \/>\n<meta property=\"og:description\" content=\"https:\/\/suntak.com.mx\/wp-content\/uploads\/2025\/01\/IMG_2277-1.mp4-1-1.mp4https:\/\/suntak.com.mx\/wp-content\/uploads\/2025\/01\/IMG_2277-1.mp4-1-1.mp4 &nbsp; &nbsp; &nbsp; &nbsp; &nbsp; &nbsp; Proyectos Destacados Nave Interpuerto Tipo de construcci\u00f3n: Nueva Planta \u00c1rea: 20,072\u202fm\u00b2 A\u00f1o: 2020 Localizaci\u00f3n: Salinas Victoria, Nuevo Le\u00f3n\" \/>\n<meta property=\"og:url\" content=\"https:\/\/suntak.com.mx\/es\/proyectos1\" \/>\n<meta property=\"og:site_name\" content=\"suntak\" \/>\n<meta property=\"article:publisher\" content=\"https:\/\/www.facebook.com\/suntak.project.management\" \/>\n<meta property=\"article:modified_time\" content=\"2025-04-03T21:28:20+00:00\" \/>\n<meta property=\"og:image\" content=\"https:\/\/suntak.com.mx\/wp-content\/uploads\/elementor\/thumbs\/TREDEC-r1cv2fi9jubthjiesglb8sauuxwwuunthfvs81zz48.png\" \/>\n<meta name=\"twitter:card\" content=\"summary_large_image\" \/>\n<meta name=\"twitter:site\" content=\"@suntakproject\" \/>\n<script type=\"application\/ld+json\" class=\"yoast-schema-graph\">{\"@context\":\"https:\/\/schema.org\",\"@graph\":[{\"@type\":\"WebPage\",\"@id\":\"https:\/\/suntak.com.mx\/proyectos1\",\"url\":\"https:\/\/suntak.com.mx\/proyectos1\",\"name\":\"Proyectos 1 - suntak\",\"isPartOf\":{\"@id\":\"https:\/\/suntak.com.mx\/en_us\/#website\"},\"primaryImageOfPage\":{\"@id\":\"https:\/\/suntak.com.mx\/proyectos1#primaryimage\"},\"image\":{\"@id\":\"https:\/\/suntak.com.mx\/proyectos1#primaryimage\"},\"thumbnailUrl\":\"https:\/\/suntak.com.mx\/wp-content\/uploads\/elementor\/thumbs\/TREDEC-r1cv2fi9jubthjiesglb8sauuxwwuunthfvs81zz48.png\",\"datePublished\":\"2025-01-23T17:33:37+00:00\",\"dateModified\":\"2025-04-03T21:28:20+00:00\",\"breadcrumb\":{\"@id\":\"https:\/\/suntak.com.mx\/proyectos1#breadcrumb\"},\"inLanguage\":\"es\",\"potentialAction\":[{\"@type\":\"ReadAction\",\"target\":[\"https:\/\/suntak.com.mx\/proyectos1\"]}]},{\"@type\":\"ImageObject\",\"inLanguage\":\"es\",\"@id\":\"https:\/\/suntak.com.mx\/proyectos1#primaryimage\",\"url\":\"https:\/\/suntak.com.mx\/wp-content\/uploads\/elementor\/thumbs\/TREDEC-r1cv2fi9jubthjiesglb8sauuxwwuunthfvs81zz48.png\",\"contentUrl\":\"https:\/\/suntak.com.mx\/wp-content\/uploads\/elementor\/thumbs\/TREDEC-r1cv2fi9jubthjiesglb8sauuxwwuunthfvs81zz48.png\"},{\"@type\":\"BreadcrumbList\",\"@id\":\"https:\/\/suntak.com.mx\/proyectos1#breadcrumb\",\"itemListElement\":[{\"@type\":\"ListItem\",\"position\":1,\"name\":\"Inicio\",\"item\":\"https:\/\/suntak.com.mx\/\"},{\"@type\":\"ListItem\",\"position\":2,\"name\":\"Proyectos 1\"}]},{\"@type\":\"WebSite\",\"@id\":\"https:\/\/suntak.com.mx\/en_us\/#website\",\"url\":\"https:\/\/suntak.com.mx\/en_us\/\",\"name\":\"Suntak\",\"description\":\"\",\"publisher\":{\"@id\":\"https:\/\/suntak.com.mx\/en_us\/#organization\"},\"potentialAction\":[{\"@type\":\"SearchAction\",\"target\":{\"@type\":\"EntryPoint\",\"urlTemplate\":\"https:\/\/suntak.com.mx\/en_us\/?s={search_term_string}\"},\"query-input\":{\"@type\":\"PropertyValueSpecification\",\"valueRequired\":true,\"valueName\":\"search_term_string\"}}],\"inLanguage\":\"es\"},{\"@type\":\"Organization\",\"@id\":\"https:\/\/suntak.com.mx\/en_us\/#organization\",\"name\":\"Suntak\",\"url\":\"https:\/\/suntak.com.mx\/en_us\/\",\"logo\":{\"@type\":\"ImageObject\",\"inLanguage\":\"es\",\"@id\":\"https:\/\/suntak.com.mx\/en_us\/#\/schema\/logo\/image\/\",\"url\":\"https:\/\/suntak.com.mx\/wp-content\/uploads\/2025\/02\/Suntak-FavIcon-1.png\",\"contentUrl\":\"https:\/\/suntak.com.mx\/wp-content\/uploads\/2025\/02\/Suntak-FavIcon-1.png\",\"width\":512,\"height\":512,\"caption\":\"Suntak\"},\"image\":{\"@id\":\"https:\/\/suntak.com.mx\/en_us\/#\/schema\/logo\/image\/\"},\"sameAs\":[\"https:\/\/www.facebook.com\/suntak.project.management\",\"https:\/\/x.com\/suntakproject\",\"https:\/\/www.linkedin.com\/company\/suntakproject\",\"https:\/\/www.instagram.com\/suntakproject\/\"]}]}<\/script>\n<!-- \/ Yoast SEO plugin. -->","yoast_head_json":{"title":"Proyectos 1 - suntak","robots":{"index":"index","follow":"follow","max-snippet":"max-snippet:-1","max-image-preview":"max-image-preview:large","max-video-preview":"max-video-preview:-1"},"canonical":"https:\/\/suntak.com.mx\/es\/proyectos1","og_locale":"es_MX","og_type":"article","og_title":"Proyectos 1 - suntak","og_description":"https:\/\/suntak.com.mx\/wp-content\/uploads\/2025\/01\/IMG_2277-1.mp4-1-1.mp4https:\/\/suntak.com.mx\/wp-content\/uploads\/2025\/01\/IMG_2277-1.mp4-1-1.mp4 &nbsp; &nbsp; &nbsp; &nbsp; &nbsp; &nbsp; Proyectos Destacados Nave Interpuerto Tipo de construcci\u00f3n: Nueva Planta \u00c1rea: 20,072\u202fm\u00b2 A\u00f1o: 2020 Localizaci\u00f3n: Salinas Victoria, Nuevo Le\u00f3n","og_url":"https:\/\/suntak.com.mx\/es\/proyectos1","og_site_name":"suntak","article_publisher":"https:\/\/www.facebook.com\/suntak.project.management","article_modified_time":"2025-04-03T21:28:20+00:00","og_image":[{"url":"https:\/\/suntak.com.mx\/wp-content\/uploads\/elementor\/thumbs\/TREDEC-r1cv2fi9jubthjiesglb8sauuxwwuunthfvs81zz48.png","type":"","width":"","height":""}],"twitter_card":"summary_large_image","twitter_site":"@suntakproject","schema":{"@context":"https:\/\/schema.org","@graph":[{"@type":"WebPage","@id":"https:\/\/suntak.com.mx\/proyectos1","url":"https:\/\/suntak.com.mx\/proyectos1","name":"Proyectos 1 - suntak","isPartOf":{"@id":"https:\/\/suntak.com.mx\/en_us\/#website"},"primaryImageOfPage":{"@id":"https:\/\/suntak.com.mx\/proyectos1#primaryimage"},"image":{"@id":"https:\/\/suntak.com.mx\/proyectos1#primaryimage"},"thumbnailUrl":"https:\/\/suntak.com.mx\/wp-content\/uploads\/elementor\/thumbs\/TREDEC-r1cv2fi9jubthjiesglb8sauuxwwuunthfvs81zz48.png","datePublished":"2025-01-23T17:33:37+00:00","dateModified":"2025-04-03T21:28:20+00:00","breadcrumb":{"@id":"https:\/\/suntak.com.mx\/proyectos1#breadcrumb"},"inLanguage":"es","potentialAction":[{"@type":"ReadAction","target":["https:\/\/suntak.com.mx\/proyectos1"]}]},{"@type":"ImageObject","inLanguage":"es","@id":"https:\/\/suntak.com.mx\/proyectos1#primaryimage","url":"https:\/\/suntak.com.mx\/wp-content\/uploads\/elementor\/thumbs\/TREDEC-r1cv2fi9jubthjiesglb8sauuxwwuunthfvs81zz48.png","contentUrl":"https:\/\/suntak.com.mx\/wp-content\/uploads\/elementor\/thumbs\/TREDEC-r1cv2fi9jubthjiesglb8sauuxwwuunthfvs81zz48.png"},{"@type":"BreadcrumbList","@id":"https:\/\/suntak.com.mx\/proyectos1#breadcrumb","itemListElement":[{"@type":"ListItem","position":1,"name":"Inicio","item":"https:\/\/suntak.com.mx\/"},{"@type":"ListItem","position":2,"name":"Proyectos 1"}]},{"@type":"WebSite","@id":"https:\/\/suntak.com.mx\/en_us\/#website","url":"https:\/\/suntak.com.mx\/en_us\/","name":"Suntak","description":"","publisher":{"@id":"https:\/\/suntak.com.mx\/en_us\/#organization"},"potentialAction":[{"@type":"SearchAction","target":{"@type":"EntryPoint","urlTemplate":"https:\/\/suntak.com.mx\/en_us\/?s={search_term_string}"},"query-input":{"@type":"PropertyValueSpecification","valueRequired":true,"valueName":"search_term_string"}}],"inLanguage":"es"},{"@type":"Organization","@id":"https:\/\/suntak.com.mx\/en_us\/#organization","name":"Suntak","url":"https:\/\/suntak.com.mx\/en_us\/","logo":{"@type":"ImageObject","inLanguage":"es","@id":"https:\/\/suntak.com.mx\/en_us\/#\/schema\/logo\/image\/","url":"https:\/\/suntak.com.mx\/wp-content\/uploads\/2025\/02\/Suntak-FavIcon-1.png","contentUrl":"https:\/\/suntak.com.mx\/wp-content\/uploads\/2025\/02\/Suntak-FavIcon-1.png","width":512,"height":512,"caption":"Suntak"},"image":{"@id":"https:\/\/suntak.com.mx\/en_us\/#\/schema\/logo\/image\/"},"sameAs":["https:\/\/www.facebook.com\/suntak.project.management","https:\/\/x.com\/suntakproject","https:\/\/www.linkedin.com\/company\/suntakproject","https:\/\/www.instagram.com\/suntakproject\/"]}]}},"_links":{"self":[{"href":"https:\/\/suntak.com.mx\/es\/wp-json\/wp\/v2\/pages\/550","targetHints":{"allow":["GET"]}}],"collection":[{"href":"https:\/\/suntak.com.mx\/es\/wp-json\/wp\/v2\/pages"}],"about":[{"href":"https:\/\/suntak.com.mx\/es\/wp-json\/wp\/v2\/types\/page"}],"author":[{"embeddable":true,"href":"https:\/\/suntak.com.mx\/es\/wp-json\/wp\/v2\/users\/1"}],"replies":[{"embeddable":true,"href":"https:\/\/suntak.com.mx\/es\/wp-json\/wp\/v2\/comments?post=550"}],"version-history":[{"count":446,"href":"https:\/\/suntak.com.mx\/es\/wp-json\/wp\/v2\/pages\/550\/revisions"}],"predecessor-version":[{"id":6510,"href":"https:\/\/suntak.com.mx\/es\/wp-json\/wp\/v2\/pages\/550\/revisions\/6510"}],"wp:attachment":[{"href":"https:\/\/suntak.com.mx\/es\/wp-json\/wp\/v2\/media?parent=550"}],"curies":[{"name":"wp","href":"https:\/\/api.w.org\/{rel}","templated":true}]}}